{"id":1737,"date":"2024-01-04T00:16:21","date_gmt":"2024-01-04T00:16:21","guid":{"rendered":"https:\/\/amba.org.uy\/a\/?page_id=1737"},"modified":"2024-08-27T17:43:51","modified_gmt":"2024-08-27T17:43:51","slug":"sierras-de-carape","status":"publish","type":"page","link":"https:\/\/amba.org.uy\/a\/ecoturismo\/sierras-de-carape\/","title":{"rendered":"Sierras de Carap\u00e9"},"content":{"rendered":"<p><div class=\"fusion-fullwidth fullwidth-box fusion-builder-row-1 fusion-flex-container has-pattern-background has-mask-background fusion-parallax-none nonhundred-percent-fullwidth non-hundred-percent-height-scrolling\" style=\"--awb-border-radius-top-left:0px;--awb-border-radius-top-right:0px;--awb-border-radius-bottom-right:0px;--awb-border-radius-bottom-left:0px;--awb-padding-top:122px;--awb-padding-right:0px;--awb-padding-bottom:114px;--awb-padding-left:0px;--awb-margin-top:0px;--awb-margin-bottom:0px;--awb-background-color:var(--awb-color5);--awb-background-image:url(&quot;https:\/\/amba.org.uy\/a\/wp-content\/uploads\/2019\/11\/ecoturismo-paisaje-942h.jpg&quot;);--awb-background-size:cover;--awb-flex-wrap:wrap;\" ><div class=\"fusion-builder-row fusion-row fusion-flex-align-items-center fusion-flex-justify-content-center fusion-flex-content-wrap\" style=\"max-width:1144px;margin-left: calc(-4% \/ 2 );margin-right: calc(-4% \/ 2 );\"><div class=\"fusion-layout-column fusion_builder_column fusion-builder-column-0 fusion_builder_column_1_1 1_1 fusion-flex-column\" style=\"--awb-bg-size:cover;--awb-width-large:100%;--awb-margin-top-large:0px;--awb-spacing-right-large:1.92%;--awb-margin-bottom-large:20px;--awb-spacing-left-large:1.92%;--awb-width-medium:100%;--awb-order-medium:0;--awb-spacing-right-medium:1.92%;--awb-spacing-left-medium:1.92%;--awb-width-small:100%;--awb-order-small:0;--awb-spacing-right-small:1.92%;--awb-spacing-left-small:1.92%;\"><div class=\"fusion-column-wrapper fusion-column-has-shadow fusion-flex-justify-content-flex-start fusion-content-layout-column\"><div class=\"fusion-title title fusion-title-1 fusion-title-center fusion-title-text fusion-title-size-one\" style=\"--awb-text-color:var(--awb-color1);--awb-margin-bottom:0px;--awb-margin-top-small:0px;--awb-margin-right-small:0px;--awb-margin-bottom-small:20px;--awb-margin-left-small:0px;--awb-font-size:40px;\"><div class=\"title-sep-container title-sep-container-left\"><div class=\"title-sep sep-double sep-solid\" style=\"border-color:#e0dede;\"><\/div><\/div><span class=\"awb-title-spacer\"><\/span><h1 class=\"fusion-title-heading title-heading-center\" style=\"margin:0;font-size:1em;\">SIERRAS DE CARAP\u00c9<\/h1><span class=\"awb-title-spacer\"><\/span><div class=\"title-sep-container title-sep-container-right\"><div class=\"title-sep sep-double sep-solid\" style=\"border-color:#e0dede;\"><\/div><\/div><\/div><\/div><\/div><\/div><\/div><div class=\"fusion-fullwidth fullwidth-box fusion-builder-row-2 nonhundred-percent-fullwidth non-hundred-percent-height-scrolling fusion-equal-height-columns\" style=\"--awb-border-radius-top-left:0px;--awb-border-radius-top-right:0px;--awb-border-radius-bottom-right:0px;--awb-border-radius-bottom-left:0px;--awb-flex-wrap:wrap;\" ><div class=\"fusion-builder-row fusion-row\"><div class=\"fusion-layout-column fusion_builder_column fusion-builder-column-1 fusion_builder_column_1_1 1_1 fusion-one-full fusion-column-first fusion-column-last\" style=\"--awb-padding-top:30px;--awb-bg-size:cover;\"><div class=\"fusion-column-wrapper fusion-column-has-shadow fusion-flex-column-wrapper-legacy\"><div class=\"fusion-column-content-centered\"><div class=\"fusion-column-content\"><div class=\"fusion-title title fusion-title-2 fusion-no-medium-visibility fusion-no-large-visibility fusion-sep-none fusion-title-text fusion-title-size-one\" style=\"--awb-text-color:var(--awb-color5);--awb-margin-top-small:0px;--awb-margin-right-small:0px;--awb-margin-bottom-small:20px;--awb-margin-left-small:0px;\"><h1 class=\"fusion-title-heading title-heading-left\" style=\"margin:0;\"><div style=\"text-align: center;\"><span style=\"color: var(--awb-text-color); font-family: var(--h1_typography-font-family); font-size: 1em; font-style: var(--h1_typography-font-style,normal); font-weight: var(--h1_typography-font-weight); letter-spacing: var(--h1_typography-letter-spacing); text-transform: var(--h1_typography-text-transform); background-color: var(--awb-bg-color-small);\">SENDERO DE LAS NUBES<\/span><\/div><\/h1><\/div><div class=\"fusion-builder-row fusion-builder-row-inner fusion-row\"><div class=\"fusion-layout-column fusion_builder_column_inner fusion-builder-nested-column-0 fusion_builder_column_inner_1_3 1_3 fusion-one-third fusion-column-first\" style=\"--awb-bg-size:cover;width:33.333333333333%;width:calc(33.333333333333% - ( ( 4% ) * 0.33333333333333 ) );margin-right: 4%;\"><div class=\"fusion-column-wrapper fusion-column-has-shadow fusion-flex-column-wrapper-legacy\"><div class=\"fusion-column-content-centered\"><div class=\"fusion-column-content\"><div class=\"fusion-title title fusion-title-3 fusion-no-small-visibility fusion-sep-none fusion-title-text fusion-title-size-one\" style=\"--awb-text-color:#569e3a;--awb-margin-bottom:20px;--awb-margin-top-small:30px;--awb-margin-right-small:0px;--awb-margin-left-small:0px;--awb-sep-color:#569e3a;--awb-font-size:42px;\"><h1 class=\"fusion-title-heading title-heading-right\" style=\"margin:0;font-size:1em;\">RESERVA CERRO NEGRO<\/h1><\/div><\/div><\/div><div class=\"fusion-clearfix\"><\/div><\/div><\/div><div class=\"fusion-layout-column fusion_builder_column_inner fusion-builder-nested-column-1 fusion_builder_column_inner_2_3 2_3 fusion-two-third fusion-column-last\" style=\"--awb-padding-top:25px;--awb-padding-right:25px;--awb-padding-bottom:25px;--awb-padding-left:25px;--awb-overflow:hidden;--awb-bg-color:rgba(86,158,58,0.9);--awb-bg-color-hover:rgba(86,158,58,0.9);--awb-bg-position:center center;--awb-bg-repeat:repeat;--awb-border-radius:5px 5px 5px 5px;--awb-margin-bottom:30px;width:66.666666666667%;width:calc(66.666666666667% - ( ( 4% ) * 0.66666666666667 ) );\"><div class=\"fusion-column-wrapper fusion-column-has-shadow fusion-flex-column-wrapper-legacy\"><div class=\"fusion-column-content-centered\"><div class=\"fusion-column-content\"><div class=\"fusion-text fusion-text-1\" style=\"--awb-font-size:18px;--awb-text-color:#ffffff;\"><p>La Reserva Cerro Negro, ubicada aproximadamente a 20 km de la ciudad de Rocha, es un espacio donde la naturaleza toma protagonismo a trav\u00e9s de paisajes sorprendentes y experiencias inmersivas. Este escenario te invita a reconectar con el entorno natural a trav\u00e9s de diversas actividades.<\/p>\n<p>La propuesta invita a disfrutar de un trekking guiado de 5 kil\u00f3metros en el Sendero de las Nubes, un paseo por el Mirador del Urub\u00fa, la aproximaci\u00f3n a las actividades que realizamos en Amb\u00e1, y la alternativa de vivenciar experiencias desarrolladas especialmente para ni\u00f1as y ni\u00f1os, como el juego, el rinc\u00f3n de pintura y la intervenci\u00f3n en nuestro vivero. <\/p>\n<p>Uno de los puntos destacados dentro de la reserva es el Centro de Regeneraci\u00f3n de Amb\u00e1, donde nos enfocamos en regenerar paisajes, conservar la biodiversidad y compartir conocimientos para vivir en equilibrio con la naturaleza.<\/p>\n<p>Por m\u00e1s informaci\u00f3n<a href=\"https:\/\/wa.link\/qntx5t\" target=\"_blank\" rel=\"noopener\"> clic <\/a><a href=\"https:\/\/wa.link\/qntx5t\" target=\"_blank\" rel=\"noopener noreferrer\">aqu\u00ed<\/a><\/p>\n<\/div><\/div><\/div><div class=\"fusion-clearfix\"><\/div><\/div><\/div><\/div><\/div><\/div><div class=\"fusion-clearfix\"><\/div><\/div><\/div><\/div><\/div><div class=\"fusion-fullwidth fullwidth-box fusion-builder-row-3 fusion-parallax-fixed hundred-percent-fullwidth non-hundred-percent-height-scrolling\" style=\"--awb-background-position:center top;--awb-border-sizes-top:13px;--awb-border-sizes-bottom:13px;--awb-border-sizes-left:0px;--awb-border-sizes-right:0px;--awb-border-radius-top-left:0px;--awb-border-radius-top-right:0px;--awb-border-radius-bottom-right:0px;--awb-border-radius-bottom-left:0px;--awb-padding-top:200px;--awb-padding-bottom:200px;--awb-background-image:url(&quot;https:\/\/amba.org.uy\/a\/wp-content\/uploads\/2023\/11\/01.jpg&quot;);--awb-background-size:cover;--awb-flex-wrap:wrap;background-attachment:fixed;\" ><div class=\"fusion-builder-row fusion-row\"><div class=\"fusion-layout-column fusion_builder_column fusion-builder-column-2 fusion_builder_column_1_1 1_1 fusion-one-full fusion-column-first fusion-column-last\" style=\"--awb-bg-size:cover;\"><div class=\"fusion-column-wrapper fusion-column-has-shadow fusion-flex-column-wrapper-legacy\"><div class=\"fusion-clearfix\"><\/div><\/div><\/div><\/div><\/div><div class=\"fusion-fullwidth fullwidth-box fusion-builder-row-4 nonhundred-percent-fullwidth non-hundred-percent-height-scrolling fusion-equal-height-columns\" style=\"--awb-border-radius-top-left:0px;--awb-border-radius-top-right:0px;--awb-border-radius-bottom-right:0px;--awb-border-radius-bottom-left:0px;--awb-flex-wrap:wrap;\" ><div class=\"fusion-builder-row fusion-row\"><div class=\"fusion-layout-column fusion_builder_column fusion-builder-column-3 fusion_builder_column_1_1 1_1 fusion-one-full fusion-column-first fusion-column-last\" style=\"--awb-padding-top:30px;--awb-bg-size:cover;\"><div class=\"fusion-column-wrapper fusion-column-has-shadow fusion-flex-column-wrapper-legacy\"><div class=\"fusion-column-content-centered\"><div class=\"fusion-column-content\"><div class=\"fusion-builder-row fusion-builder-row-inner fusion-row\"><div class=\"fusion-layout-column fusion_builder_column_inner fusion-builder-nested-column-2 fusion_builder_column_inner_1_3 1_3 fusion-one-third fusion-column-first\" style=\"--awb-bg-size:cover;width:33.333333333333%;width:calc(33.333333333333% - ( ( 4% ) * 0.33333333333333 ) );margin-right: 4%;\"><div class=\"fusion-column-wrapper fusion-column-has-shadow fusion-flex-column-wrapper-legacy\"><div class=\"fusion-column-content-centered\"><div class=\"fusion-column-content\"><div class=\"fusion-title title fusion-title-4 fusion-no-small-visibility fusion-sep-none fusion-title-text fusion-title-size-one\" style=\"--awb-text-color:#569e3a;--awb-margin-bottom:20px;--awb-margin-top-small:30px;--awb-margin-right-small:0px;--awb-margin-left-small:0px;--awb-sep-color:#569e3a;--awb-font-size:42px;\"><h1 class=\"fusion-title-heading title-heading-right\" style=\"margin:0;font-size:1em;\">MIRADOR DEL URUB\u00da<\/h1><\/div><div class=\"fusion-title title fusion-title-5 fusion-no-medium-visibility fusion-no-large-visibility fusion-sep-none fusion-title-text fusion-title-size-one\" style=\"--awb-text-color:var(--awb-color5);--awb-margin-top-small:0px;--awb-margin-right-small:0px;--awb-margin-bottom-small:20px;--awb-margin-left-small:0px;\"><h1 class=\"fusion-title-heading title-heading-left\" style=\"margin:0;\"><div style=\"text-align: center;\"><span style=\"color: var(--awb-text-color); font-family: var(--h1_typography-font-family); font-size: 1em; font-style: var(--h1_typography-font-style,normal); font-weight: var(--h1_typography-font-weight); letter-spacing: var(--h1_typography-letter-spacing); text-transform: var(--h1_typography-text-transform); background-color: var(--awb-bg-color-small);\">MIRADOR DEL URUB\u00da<\/span><\/div><\/h1><\/div><\/div><\/div><div class=\"fusion-clearfix\"><\/div><\/div><\/div><div class=\"fusion-layout-column fusion_builder_column_inner fusion-builder-nested-column-3 fusion_builder_column_inner_2_3 2_3 fusion-two-third fusion-column-last\" style=\"--awb-padding-top:25px;--awb-padding-right:25px;--awb-padding-bottom:25px;--awb-padding-left:25px;--awb-overflow:hidden;--awb-bg-color:rgba(86,158,58,0.9);--awb-bg-color-hover:rgba(86,158,58,0.9);--awb-bg-position:center center;--awb-bg-repeat:repeat;--awb-border-radius:5px 5px 5px 5px;--awb-margin-bottom:30px;width:66.666666666667%;width:calc(66.666666666667% - ( ( 4% ) * 0.66666666666667 ) );\"><div class=\"fusion-column-wrapper fusion-column-has-shadow fusion-flex-column-wrapper-legacy\"><div class=\"fusion-column-content-centered\"><div class=\"fusion-column-content\"><div class=\"fusion-text fusion-text-2\" style=\"--awb-font-size:18px;--awb-text-color:#ffffff;\"><p>El Mirador del Urub\u00fa se integra como un nuevo atractivo ecotur\u00edstico de la ruta 109. Esta ruta, que une la ciudad de Rocha con Aigu\u00e1, presenta una alternativa de actividades de turismo de naturaleza enmarcadas en el paisaje caracter\u00edstico de las Sierras de Carap\u00e9.<\/p>\n<p>El Mirador del Urub\u00fa se destaca por ser el \u00fanico de la zona de acceso gratuito. Cuenta con una zona de ingreso con estacionamiento y un sendero de baja dificultad que se dise\u00f1\u00f3 incluyendo el soporte necesario para que el recorrido tenga un agregado de educaci\u00f3n ambiental gracias a un sistema de se\u00f1al\u00e9tica biling\u00fce que destaca caracter\u00edsticas de la fauna y flora nativa del ambiente serrano.<\/p>\n<p>Las personas que visiten el mirador tendr\u00e1n la posibilidad de disfrutar de un \u00e1rea de picnic, en compa\u00f1\u00eda de una incre\u00edble vista de las sierras, donde se destaca el Cerro Catedral, el punto m\u00e1s alto del Uruguay.<\/p>\n<\/div><\/div><\/div><div class=\"fusion-clearfix\"><\/div><\/div><\/div><\/div><\/div><\/div><div class=\"fusion-clearfix\"><\/div><\/div><\/div><\/div><\/div><div class=\"fusion-fullwidth fullwidth-box fusion-builder-row-5 fusion-parallax-fixed hundred-percent-fullwidth non-hundred-percent-height-scrolling\" style=\"--awb-border-sizes-top:13px;--awb-border-sizes-bottom:13px;--awb-border-sizes-left:0px;--awb-border-sizes-right:0px;--awb-border-radius-top-left:0px;--awb-border-radius-top-right:0px;--awb-border-radius-bottom-right:0px;--awb-border-radius-bottom-left:0px;--awb-padding-top:200px;--awb-padding-bottom:200px;--awb-background-image:url(&quot;https:\/\/amba.org.uy\/a\/wp-content\/uploads\/2023\/12\/URUBU-7.png&quot;);--awb-background-size:cover;--awb-flex-wrap:wrap;background-attachment:fixed;\" ><div class=\"fusion-builder-row fusion-row\"><div class=\"fusion-layout-column fusion_builder_column fusion-builder-column-4 fusion_builder_column_1_1 1_1 fusion-one-full fusion-column-first fusion-column-last\" style=\"--awb-bg-size:cover;\"><div class=\"fusion-column-wrapper fusion-column-has-shadow fusion-flex-column-wrapper-legacy\"><div class=\"fusion-clearfix\"><\/div><\/div><\/div><\/div><\/div><\/p>\n","protected":false},"excerpt":{"rendered":"","protected":false},"author":2,"featured_media":0,"parent":607,"menu_order":0,"comment_status":"closed","ping_status":"closed","template":"100-width.php","meta":{"footnotes":""},"_links":{"self":[{"href":"https:\/\/amba.org.uy\/a\/wp-json\/wp\/v2\/pages\/1737"}],"collection":[{"href":"https:\/\/amba.org.uy\/a\/wp-json\/wp\/v2\/pages"}],"about":[{"href":"https:\/\/amba.org.uy\/a\/wp-json\/wp\/v2\/types\/page"}],"author":[{"embeddable":true,"href":"https:\/\/amba.org.uy\/a\/wp-json\/wp\/v2\/users\/2"}],"replies":[{"embeddable":true,"href":"https:\/\/amba.org.uy\/a\/wp-json\/wp\/v2\/comments?post=1737"}],"version-history":[{"count":14,"href":"https:\/\/amba.org.uy\/a\/wp-json\/wp\/v2\/pages\/1737\/revisions"}],"predecessor-version":[{"id":1926,"href":"https:\/\/amba.org.uy\/a\/wp-json\/wp\/v2\/pages\/1737\/revisions\/1926"}],"up":[{"embeddable":true,"href":"https:\/\/amba.org.uy\/a\/wp-json\/wp\/v2\/pages\/607"}],"wp:attachment":[{"href":"https:\/\/amba.org.uy\/a\/wp-json\/wp\/v2\/media?parent=1737"}],"curies":[{"name":"wp","href":"https:\/\/api.w.org\/{rel}","templated":true}]}}