{"id":1740,"date":"2024-01-04T00:16:14","date_gmt":"2024-01-04T00:16:14","guid":{"rendered":"https:\/\/amba.org.uy\/a\/?page_id=1740"},"modified":"2025-04-16T19:02:45","modified_gmt":"2025-04-16T19:02:45","slug":"rio-uruguay","status":"publish","type":"page","link":"https:\/\/amba.org.uy\/a\/ecoturismo\/rio-uruguay\/","title":{"rendered":"Rio Uruguay"},"content":{"rendered":"<p><div class=\"fusion-fullwidth fullwidth-box fusion-builder-row-1 fusion-flex-container has-pattern-background has-mask-background fusion-parallax-none nonhundred-percent-fullwidth non-hundred-percent-height-scrolling\" style=\"--awb-background-blend-mode:saturation;--awb-border-radius-top-left:0px;--awb-border-radius-top-right:0px;--awb-border-radius-bottom-right:0px;--awb-border-radius-bottom-left:0px;--awb-padding-top:122px;--awb-padding-right:0px;--awb-padding-bottom:114px;--awb-padding-left:0px;--awb-margin-top:0px;--awb-margin-bottom:0px;--awb-background-image:url(&quot;https:\/\/amba.org.uy\/a\/wp-content\/uploads\/2023\/12\/RIO-URUGUAY-DRON-FELIPE-VICTORICA-12.jpg&quot;);--awb-background-size:cover;--awb-flex-wrap:wrap;\" ><div class=\"fusion-builder-row fusion-row fusion-flex-align-items-center fusion-flex-justify-content-center fusion-flex-content-wrap\" style=\"max-width:1144px;margin-left: calc(-4% \/ 2 );margin-right: calc(-4% \/ 2 );\"><div class=\"fusion-layout-column fusion_builder_column fusion-builder-column-0 fusion_builder_column_1_1 1_1 fusion-flex-column\" style=\"--awb-bg-size:cover;--awb-width-large:100%;--awb-margin-top-large:0px;--awb-spacing-right-large:1.92%;--awb-margin-bottom-large:20px;--awb-spacing-left-large:1.92%;--awb-width-medium:100%;--awb-order-medium:0;--awb-spacing-right-medium:1.92%;--awb-spacing-left-medium:1.92%;--awb-width-small:100%;--awb-order-small:0;--awb-spacing-right-small:1.92%;--awb-spacing-left-small:1.92%;\"><div class=\"fusion-column-wrapper fusion-column-has-shadow fusion-flex-justify-content-flex-start fusion-content-layout-column\"><div class=\"fusion-title title fusion-title-1 fusion-title-center fusion-title-text fusion-title-size-one\" style=\"--awb-text-color:#ffffff;--awb-margin-bottom:0px;--awb-margin-top-small:0px;--awb-margin-right-small:0px;--awb-margin-bottom-small:20px;--awb-margin-left-small:0px;--awb-font-size:40px;\"><div class=\"title-sep-container title-sep-container-left\"><div class=\"title-sep sep-double sep-solid\" style=\"border-color:#e0dede;\"><\/div><\/div><span class=\"awb-title-spacer\"><\/span><h1 class=\"fusion-title-heading title-heading-center\" style=\"margin:0;font-size:1em;\">RIO URUGUAY<\/h1><span class=\"awb-title-spacer\"><\/span><div class=\"title-sep-container title-sep-container-right\"><div class=\"title-sep sep-double sep-solid\" style=\"border-color:#e0dede;\"><\/div><\/div><\/div><\/div><\/div><\/div><\/div><div class=\"fusion-fullwidth fullwidth-box fusion-builder-row-2 nonhundred-percent-fullwidth non-hundred-percent-height-scrolling fusion-equal-height-columns\" style=\"--awb-border-radius-top-left:0px;--awb-border-radius-top-right:0px;--awb-border-radius-bottom-right:0px;--awb-border-radius-bottom-left:0px;--awb-flex-wrap:wrap;\" ><div class=\"fusion-builder-row fusion-row\"><div class=\"fusion-layout-column fusion_builder_column fusion-builder-column-1 fusion_builder_column_1_1 1_1 fusion-one-full fusion-column-first fusion-column-last\" style=\"--awb-padding-top:30px;--awb-bg-size:cover;\"><div class=\"fusion-column-wrapper fusion-column-has-shadow fusion-flex-column-wrapper-legacy\"><div class=\"fusion-column-content-centered\"><div class=\"fusion-column-content\"><div class=\"fusion-builder-row fusion-builder-row-inner fusion-row\"><div class=\"fusion-layout-column fusion_builder_column_inner fusion-builder-nested-column-0 fusion_builder_column_inner_1_3 1_3 fusion-one-third fusion-column-first\" style=\"--awb-bg-size:cover;width:33.333333333333%;width:calc(33.333333333333% - ( ( 4% ) * 0.33333333333333 ) );margin-right: 4%;\"><div class=\"fusion-column-wrapper fusion-column-has-shadow fusion-flex-column-wrapper-legacy\"><div class=\"fusion-column-content-centered\"><div class=\"fusion-column-content\"><div class=\"fusion-title title fusion-title-2 fusion-no-medium-visibility fusion-no-large-visibility fusion-sep-none fusion-title-text fusion-title-size-one\" style=\"--awb-text-color:var(--awb-color5);--awb-margin-top-small:0px;--awb-margin-right-small:0px;--awb-margin-bottom-small:20px;--awb-margin-left-small:0px;\"><h1 class=\"fusion-title-heading title-heading-left\" style=\"margin:0;\"><div style=\"text-align: center;\"><span style=\"color: var(--awb-text-color); font-family: var(--h1_typography-font-family); font-size: 1em; font-style: var(--h1_typography-font-style,normal); font-weight: var(--h1_typography-font-weight); letter-spacing: var(--h1_typography-letter-spacing); text-transform: var(--h1_typography-text-transform); background-color: var(--awb-bg-color-small);\">REFUGIOS Y SENDEROS R\u00cdO URUGUAY<\/span><\/div><\/h1><\/div><div class=\"fusion-title title fusion-title-3 fusion-no-small-visibility fusion-sep-none fusion-title-text fusion-title-size-one\" style=\"--awb-text-color:#569e3a;--awb-margin-bottom:20px;--awb-margin-top-small:30px;--awb-margin-right-small:0px;--awb-margin-left-small:0px;--awb-sep-color:#569e3a;--awb-font-size:40px;\"><h1 class=\"fusion-title-heading title-heading-right\" style=\"margin:0;font-size:1em;\"><div><span style=\"color: var(--awb-text-color); font-family: var(--h1_typography-font-family); font-size: 1em; font-style: var(--h1_typography-font-style,normal); font-weight: var(--h1_typography-font-weight); letter-spacing: var(--h1_typography-letter-spacing); text-transform: var(--h1_typography-text-transform); background-color: var(--awb-bg-color-small);\">REFUGIOS Y SENDEROS R\u00cdO URUGUAY<\/span><\/div><\/h1><\/div><\/div><\/div><div class=\"fusion-clearfix\"><\/div><\/div><\/div><div class=\"fusion-layout-column fusion_builder_column_inner fusion-builder-nested-column-1 fusion_builder_column_inner_2_3 2_3 fusion-two-third fusion-column-last\" style=\"--awb-padding-top:25px;--awb-padding-right:25px;--awb-padding-bottom:25px;--awb-padding-left:25px;--awb-overflow:hidden;--awb-bg-color:var(--awb-color5);--awb-bg-color-hover:var(--awb-color5);--awb-bg-position:center center;--awb-bg-repeat:repeat;--awb-border-radius:5px 5px 5px 5px;--awb-margin-bottom:30px;width:66.666666666667%;width:calc(66.666666666667% - ( ( 4% ) * 0.66666666666667 ) );\"><div class=\"fusion-column-wrapper fusion-column-has-shadow fusion-flex-column-wrapper-legacy\"><div class=\"fusion-column-content-centered\"><div class=\"fusion-column-content\"><div class=\"fusion-text fusion-text-1\" style=\"--awb-font-size:18px;--awb-text-color:#ffffff;\"><p>En el marco del proyecto \u00a8Islas y Canales Verdes del R\u00edo Uruguay\u00a8 se desarroll\u00f3 infraestructura de uso p\u00fablico en la zona del parque nacional Esteros de Farrapos e Islas del R\u00edo Uruguay.<\/p>\n<p>La construcci\u00f3n de estos<b> <\/b>refugios en espacios naturales e islas busca impulsar el turismo de naturaleza y la educaci\u00f3n ambiental. Funcionan como una estaci\u00f3n de descanso ambientada en<b> <\/b>armon\u00eda con la naturaleza dentro de un \u00e1rea de conservaci\u00f3n.<\/p>\n<p>La infraestructura es sencilla: son de metal con revestimiento en madera y miden seis metros de altura para prevenir que el agua los alcance durante las crecidas del r\u00edo, las aberturas con vista al r\u00edo cuentan con mosquiteros. Cuentan con ba\u00f1os que poseen un sistema de cimientos que soporta el arrastre de las corrientes en caso de repuntes del r\u00edo, lo que evita la contaminaci\u00f3n del \u00e1rea protegida.<\/p>\n<p>Los refugios estar\u00e1n abiertos a escuelas, vecinas y vecinos de la zona, para luego pasar a una segunda fase de mayor visitaci\u00f3n.<\/p>\n<\/div><\/div><\/div><div class=\"fusion-clearfix\"><\/div><\/div><\/div><\/div><\/div><\/div><div class=\"fusion-clearfix\"><\/div><\/div><\/div><\/div><\/div><div class=\"fusion-fullwidth fullwidth-box fusion-builder-row-3 fusion-parallax-fixed hundred-percent-fullwidth non-hundred-percent-height-scrolling\" style=\"--awb-border-sizes-top:13px;--awb-border-sizes-bottom:13px;--awb-border-sizes-left:0px;--awb-border-sizes-right:0px;--awb-border-radius-top-left:0px;--awb-border-radius-top-right:0px;--awb-border-radius-bottom-right:0px;--awb-border-radius-bottom-left:0px;--awb-padding-top:200px;--awb-padding-bottom:200px;--awb-background-image:url(&quot;https:\/\/amba.org.uy\/a\/wp-content\/uploads\/2023\/12\/WhatsApp-Image-2023-07-03-at-09.33.36-1.jpeg&quot;);--awb-background-size:cover;--awb-flex-wrap:wrap;background-attachment:fixed;\" ><div class=\"fusion-builder-row fusion-row\"><div class=\"fusion-layout-column fusion_builder_column fusion-builder-column-2 fusion_builder_column_1_1 1_1 fusion-one-full fusion-column-first fusion-column-last\" style=\"--awb-bg-size:cover;\"><div class=\"fusion-column-wrapper fusion-column-has-shadow fusion-flex-column-wrapper-legacy\"><div class=\"fusion-clearfix\"><\/div><\/div><\/div><\/div><\/div><div class=\"fusion-fullwidth fullwidth-box fusion-builder-row-4 nonhundred-percent-fullwidth non-hundred-percent-height-scrolling fusion-equal-height-columns\" style=\"--awb-border-radius-top-left:0px;--awb-border-radius-top-right:0px;--awb-border-radius-bottom-right:0px;--awb-border-radius-bottom-left:0px;--awb-flex-wrap:wrap;\" ><div class=\"fusion-builder-row fusion-row\"><div class=\"fusion-layout-column fusion_builder_column fusion-builder-column-3 fusion_builder_column_1_1 1_1 fusion-one-full fusion-column-first fusion-column-last\" style=\"--awb-padding-top:30px;--awb-bg-size:cover;\"><div class=\"fusion-column-wrapper fusion-column-has-shadow fusion-flex-column-wrapper-legacy\"><div class=\"fusion-column-content-centered\"><div class=\"fusion-column-content\"><div class=\"fusion-title title fusion-title-4 fusion-no-medium-visibility fusion-no-large-visibility fusion-sep-none fusion-title-text fusion-title-size-one\" style=\"--awb-text-color:var(--awb-color5);--awb-margin-top-small:0px;--awb-margin-right-small:0px;--awb-margin-bottom-small:20px;--awb-margin-left-small:0px;\"><h1 class=\"fusion-title-heading title-heading-left\" style=\"margin:0;\"><div style=\"text-align: center;\"><span style=\"color: var(--awb-text-color); font-family: var(--h1_typography-font-family); font-size: 1em; font-style: var(--h1_typography-font-style,normal); font-weight: var(--h1_typography-font-weight); letter-spacing: var(--h1_typography-letter-spacing); text-transform: var(--h1_typography-text-transform); background-color: var(--awb-bg-color-small);\">PROGRAMA KAYAK PARA ESCUELAS<\/span><\/div><\/h1><\/div><div class=\"fusion-builder-row fusion-builder-row-inner fusion-row\"><div class=\"fusion-layout-column fusion_builder_column_inner fusion-builder-nested-column-2 fusion_builder_column_inner_1_3 1_3 fusion-one-third fusion-column-first\" style=\"--awb-bg-size:cover;width:33.333333333333%;width:calc(33.333333333333% - ( ( 4% ) * 0.33333333333333 ) );margin-right: 4%;\"><div class=\"fusion-column-wrapper fusion-column-has-shadow fusion-flex-column-wrapper-legacy\"><div class=\"fusion-column-content-centered\"><div class=\"fusion-column-content\"><div class=\"fusion-title title fusion-title-5 fusion-no-small-visibility fusion-sep-none fusion-title-text fusion-title-size-one\" style=\"--awb-text-color:#569e3a;--awb-margin-bottom:20px;--awb-margin-top-small:30px;--awb-margin-right-small:0px;--awb-margin-left-small:0px;--awb-sep-color:#569e3a;--awb-font-size:38px;\"><h1 class=\"fusion-title-heading title-heading-right\" style=\"margin:0;font-size:1em;\"><div style=\"text-align: right;\"><span style=\"color: var(--awb-text-color); font-family: var(--h1_typography-font-family); font-size: 1em; font-style: var(--h1_typography-font-style,normal); font-weight: var(--h1_typography-font-weight); letter-spacing: var(--h1_typography-letter-spacing); text-transform: var(--h1_typography-text-transform); background-color: var(--awb-bg-color-small);\">PROGRAMA KAYAK PARA ESCUELAS<\/span><\/div><\/h1><\/div><\/div><\/div><div class=\"fusion-clearfix\"><\/div><\/div><\/div><div class=\"fusion-layout-column fusion_builder_column_inner fusion-builder-nested-column-3 fusion_builder_column_inner_2_3 2_3 fusion-two-third fusion-column-last\" style=\"--awb-padding-top:25px;--awb-padding-right:25px;--awb-padding-bottom:25px;--awb-padding-left:25px;--awb-overflow:hidden;--awb-bg-color:rgba(86,158,58,0.9);--awb-bg-color-hover:rgba(86,158,58,0.9);--awb-bg-position:center center;--awb-bg-repeat:repeat;--awb-border-radius:5px 5px 5px 5px;--awb-margin-bottom:30px;width:66.666666666667%;width:calc(66.666666666667% - ( ( 4% ) * 0.66666666666667 ) );\"><div class=\"fusion-column-wrapper fusion-column-has-shadow fusion-flex-column-wrapper-legacy\"><div class=\"fusion-column-content-centered\"><div class=\"fusion-column-content\"><div class=\"fusion-text fusion-text-2\" style=\"--awb-font-size:18px;--awb-text-color:#ffffff;\"><p>En el marco del proyecto \u00a8Islas y Canales Verdes del R\u00edo Uruguay\u00a8, junto con el apoyo del gobierno de R\u00edo Negro y el Ministerio de Ambiente, las escuelas de kayaks de San Javier y Nuevo Berl\u00edn, ubicadas en Fray Bentos, han desarrollado una propuesta abierta a escuelas de todo el pa\u00eds: el programa Kayak para Escuelas.<\/p>\n<p>Inicialmente este programa est\u00e1 enfocado en centros educativos de primaria, secundaria y UTU del litoral en los departamentos de Paysand\u00fa, R\u00edo Negro y Soriano (no excluyente a otros departamentos). Kayak para Escuelas brinda la posibilidad de vivir una experiencia de<br \/>turismo de naturaleza y educaci\u00f3n ambiental asociada a un \u00e1rea protegida como lo es el Parque Nacional Esteros de Farrapos e Islas del R\u00edo Uruguay.<\/p>\n<p>El programa est\u00e1 localizado en San Javier, ya que la localidad y su Escuela Municipal de Kayak ofrecen el soporte log\u00edstico, instructores y elementos de seguridad necesarios, tanto para las actividades n\u00e1uticas como las de educaci\u00f3n ambiental. Este programa es totalmente sin\u00e9rgico con las pol\u00edticas transversales del Plan de Desarrollo Educativo de la ANEP, por lo que la propuesta puede ser de inter\u00e9s para centros educativos de la zona, brindando un aula de naturaleza para los estudiantes en temas vinculados al deporte, salud y biodiversidad con una fuerte impronta de la cultura local del R\u00edo Uruguay.<\/p>\n<p>Para obtener m\u00e1s informaci\u00f3n del programa hacer <a href=\"https:\/\/wa.link\/eynnea\">clic ac\u00e1. <\/a><\/p>\n<\/div><\/div><\/div><div class=\"fusion-clearfix\"><\/div><\/div><\/div><\/div><\/div><\/div><div class=\"fusion-clearfix\"><\/div><\/div><\/div><\/div><\/div><div class=\"fusion-fullwidth fullwidth-box fusion-builder-row-5 fusion-parallax-fixed hundred-percent-fullwidth non-hundred-percent-height-scrolling\" style=\"--awb-border-sizes-top:13px;--awb-border-sizes-bottom:13px;--awb-border-sizes-left:0px;--awb-border-sizes-right:0px;--awb-border-radius-top-left:0px;--awb-border-radius-top-right:0px;--awb-border-radius-bottom-right:0px;--awb-border-radius-bottom-left:0px;--awb-padding-top:200px;--awb-padding-bottom:200px;--awb-background-image:url(&quot;https:\/\/amba.org.uy\/a\/wp-content\/uploads\/2023\/11\/kayaks-a-San-javier-10.jpg&quot;);--awb-background-size:cover;--awb-flex-wrap:wrap;background-attachment:fixed;\" ><div class=\"fusion-builder-row fusion-row\"><div class=\"fusion-layout-column fusion_builder_column fusion-builder-column-4 fusion_builder_column_1_1 1_1 fusion-one-full fusion-column-first fusion-column-last\" style=\"--awb-bg-size:cover;\"><div class=\"fusion-column-wrapper fusion-column-has-shadow fusion-flex-column-wrapper-legacy\"><div class=\"fusion-clearfix\"><\/div><\/div><\/div><\/div><\/div><\/p>\n","protected":false},"excerpt":{"rendered":"","protected":false},"author":2,"featured_media":0,"parent":607,"menu_order":0,"comment_status":"closed","ping_status":"closed","template":"100-width.php","meta":{"footnotes":""},"_links":{"self":[{"href":"https:\/\/amba.org.uy\/a\/wp-json\/wp\/v2\/pages\/1740"}],"collection":[{"href":"https:\/\/amba.org.uy\/a\/wp-json\/wp\/v2\/pages"}],"about":[{"href":"https:\/\/amba.org.uy\/a\/wp-json\/wp\/v2\/types\/page"}],"author":[{"embeddable":true,"href":"https:\/\/amba.org.uy\/a\/wp-json\/wp\/v2\/users\/2"}],"replies":[{"embeddable":true,"href":"https:\/\/amba.org.uy\/a\/wp-json\/wp\/v2\/comments?post=1740"}],"version-history":[{"count":12,"href":"https:\/\/amba.org.uy\/a\/wp-json\/wp\/v2\/pages\/1740\/revisions"}],"predecessor-version":[{"id":2007,"href":"https:\/\/amba.org.uy\/a\/wp-json\/wp\/v2\/pages\/1740\/revisions\/2007"}],"up":[{"embeddable":true,"href":"https:\/\/amba.org.uy\/a\/wp-json\/wp\/v2\/pages\/607"}],"wp:attachment":[{"href":"https:\/\/amba.org.uy\/a\/wp-json\/wp\/v2\/media?parent=1740"}],"curies":[{"name":"wp","href":"https:\/\/api.w.org\/{rel}","templated":true}]}}