{"id":1756,"date":"2024-01-04T00:17:33","date_gmt":"2024-01-04T00:17:33","guid":{"rendered":"https:\/\/amba.org.uy\/a\/?page_id=1756"},"modified":"2025-04-16T19:15:33","modified_gmt":"2025-04-16T19:15:33","slug":"proyecto-rio-uruguay","status":"publish","type":"page","link":"https:\/\/amba.org.uy\/a\/programas\/proyecto-rio-uruguay\/","title":{"rendered":"Proyecto Rio Uruguay"},"content":{"rendered":"<p><div class=\"fusion-fullwidth fullwidth-box fusion-builder-row-1 fusion-parallax-fixed hundred-percent-fullwidth non-hundred-percent-height-scrolling\" style=\"--awb-border-sizes-top:13px;--awb-border-sizes-bottom:13px;--awb-border-sizes-left:0px;--awb-border-sizes-right:0px;--awb-border-radius-top-left:0px;--awb-border-radius-top-right:0px;--awb-border-radius-bottom-right:0px;--awb-border-radius-bottom-left:0px;--awb-padding-top:200px;--awb-padding-bottom:200px;--awb-background-image:url(&quot;https:\/\/amba.org.uy\/a\/wp-content\/uploads\/2023\/12\/RIO-URUGUAY-DRON-FELIPE-VICTORICA-10.jpg&quot;);--awb-background-size:cover;--awb-flex-wrap:wrap;background-attachment:fixed;\" ><div class=\"fusion-builder-row fusion-row\"><div class=\"fusion-layout-column fusion_builder_column fusion-builder-column-0 fusion_builder_column_1_1 1_1 fusion-one-full fusion-column-first fusion-column-last\" style=\"--awb-bg-size:cover;\"><div class=\"fusion-column-wrapper fusion-column-has-shadow fusion-flex-column-wrapper-legacy\"><div class=\"fusion-title title fusion-title-1 fusion-sep-none fusion-title-center fusion-title-text fusion-title-size-one\" style=\"--awb-text-color:#ffffff;--awb-margin-top:40px;--awb-margin-bottom:0px;--awb-margin-top-small:0px;--awb-margin-right-small:0px;--awb-margin-bottom-small:20px;--awb-margin-left-small:0px;--awb-sep-color:#569e3a;--awb-font-size:40px;\"><h1 class=\"fusion-title-heading title-heading-center\" style=\"margin:0;text-transform:uppercase;font-size:1em;\"><strong>PROYECTO RIO URUGUAY<\/strong><\/h1><\/div><div class=\"fusion-clearfix\"><\/div><\/div><\/div><\/div><\/div><div class=\"fusion-fullwidth fullwidth-box fusion-builder-row-2 nonhundred-percent-fullwidth non-hundred-percent-height-scrolling fusion-equal-height-columns\" style=\"--awb-border-radius-top-left:0px;--awb-border-radius-top-right:0px;--awb-border-radius-bottom-right:0px;--awb-border-radius-bottom-left:0px;--awb-flex-wrap:wrap;\" ><div class=\"fusion-builder-row fusion-row\"><div class=\"fusion-layout-column fusion_builder_column fusion-builder-column-1 fusion_builder_column_1_1 1_1 fusion-one-full fusion-column-first fusion-column-last\" style=\"--awb-bg-size:cover;\"><div class=\"fusion-column-wrapper fusion-column-has-shadow fusion-flex-column-wrapper-legacy\"><div class=\"fusion-title title fusion-title-2 sep-underline sep-dotted fusion-title-text fusion-title-size-one\" style=\"--awb-text-color:#569e3a;--awb-margin-top:30px;--awb-margin-bottom:30px;--awb-margin-top-small:30px;--awb-margin-right-small:0px;--awb-margin-left-small:0px;--awb-sep-color:#569e3a;\"><h1 class=\"fusion-title-heading title-heading-left\" style=\"margin:0;\">\u00bfQU\u00c9 ES?<\/h1><\/div><div class=\"fusion-builder-row fusion-builder-row-inner fusion-row\"><div class=\"fusion-layout-column fusion_builder_column_inner fusion-builder-nested-column-0 fusion_builder_column_inner_1_3 1_3 fusion-one-third fusion-column-first\" style=\"--awb-padding-top:25px;--awb-padding-right:23px;--awb-padding-bottom:25px;--awb-padding-left:25px;--awb-overflow:hidden;--awb-bg-color:rgba(86,158,58,0.9);--awb-bg-color-hover:rgba(86,158,58,0.9);--awb-bg-position:center center;--awb-bg-repeat:repeat;--awb-border-radius:5px 5px 5px 5px;--awb-margin-bottom:30px;width:33.333333333333%;width:calc(33.333333333333% - ( ( 0% ) * 0.33333333333333 ) );margin-right: 0%;\"><div class=\"fusion-column-wrapper fusion-column-has-shadow fusion-flex-column-wrapper-legacy\"><div class=\"fusion-column-content-centered\"><div class=\"fusion-column-content\"><div class=\"fusion-title title fusion-title-3 fusion-sep-none fusion-title-text fusion-title-size-two\" style=\"--awb-text-color:#ffffff;--awb-margin-bottom:20px;--awb-margin-top-small:0px;--awb-margin-right-small:0px;--awb-margin-bottom-small:20px;--awb-margin-left-small:0px;--awb-font-size:18px;\"><h2 class=\"fusion-title-heading title-heading-left\" style=\"margin:0;font-size:1em;\">El proyecto \u201cIslas y Canales Verdes del R\u00edo Uruguay\u201d busca consolidar un corredor biocultural de \u00e1reas protegidas para contribuir a la conservaci\u00f3n de sus especies y h\u00e1bitats, a su capacidad de respuesta frente al cambio clim\u00e1tico y al desarrollo sostenible de actividades tur\u00edsticas, educativas y cient\u00edficas vinculadas a su conservaci\u00f3n.<\/h2><\/div><\/div><\/div><div class=\"fusion-clearfix\"><\/div><\/div><\/div><div class=\"fusion-layout-column fusion_builder_column_inner fusion-builder-nested-column-1 fusion_builder_column_inner_2_3 2_3 fusion-two-third fusion-column-last\" style=\"--awb-padding-top:25px;--awb-padding-bottom:25px;--awb-bg-size:cover;width:66.666666666667%;width:calc(66.666666666667% - ( ( 0% ) * 0.66666666666667 ) );\"><div class=\"fusion-column-wrapper fusion-column-has-shadow fusion-flex-column-wrapper-legacy\"><div class=\"fusion-text fusion-text-1\" style=\"--awb-content-alignment:center;--awb-font-size:18px;--awb-margin-left:15px;\"><p style=\"text-align: left;\">La entidad de conservaci\u00f3n Butler Conservation, Inc, del fil\u00e1ntropo Gilbert Butler, es quien provee los fondos de la compra y donaci\u00f3n de tierras e infraestructura para el proyecto en ambos pa\u00edses; WCS Argentina y Cono Sur, The Nature Conservancy (TNC), Banco de Bosques y AMB\u00c1 Uruguay, trabajan coordinadamente junto a la colaboraci\u00f3n de los gobiernos locales para gestionar la adquisici\u00f3n y donaci\u00f3n de las islas a los Estados, el dise\u00f1o del corredor de conservaci\u00f3n, el fortalecimiento de infraestructura y de las capacidades para el manejo efectivo de las \u00e1reas.<\/p>\n<p style=\"text-align: left;\">Este proyecto prev\u00e9 la donaci\u00f3n de 514 y 2695 hect\u00e1reas a los gobiernos de Uruguay y Argentina, respectivamente, para incrementar la categor\u00eda de protecci\u00f3n en ambas m\u00e1rgenes del tramo inferior del R\u00edo Uruguay. El \u00e1rea, ubicada entre Fray Bentos (R\u00edo Negro, Uruguay) y Concepci\u00f3n del Uruguay (Entre R\u00edos, Argentina) incluye islas, canales, humedales, pastizales y bosques ribere\u00f1os de gran valor para el patrimonio natural y cultural de ambos pa\u00edses, incluyendo una importante diversidad de flora y fauna nativa.<\/p>\n<\/div><div class=\"fusion-clearfix\"><\/div><\/div><\/div><\/div><div class=\"fusion-clearfix\"><\/div><\/div><\/div><\/div><\/div><div class=\"fusion-fullwidth fullwidth-box fusion-builder-row-3 fusion-flex-container has-pattern-background has-mask-background fusion-parallax-fixed hundred-percent-fullwidth non-hundred-percent-height-scrolling\" style=\"--awb-border-radius-top-left:0px;--awb-border-radius-top-right:0px;--awb-border-radius-bottom-right:0px;--awb-border-radius-bottom-left:0px;--awb-padding-top:200px;--awb-padding-bottom:200px;--awb-margin-top:0px;--awb-margin-bottom:0px;--awb-background-image:url(&quot;https:\/\/amba.org.uy\/a\/wp-content\/uploads\/2024\/01\/F7D8579-A.jpg&quot;);--awb-background-size:cover;--awb-flex-wrap:wrap;background-attachment:fixed;\" ><div class=\"fusion-builder-row fusion-row fusion-flex-align-items-center fusion-flex-content-wrap\" style=\"width:104% !important;max-width:104% !important;margin-left: calc(-4% \/ 2 );margin-right: calc(-4% \/ 2 );\"><div class=\"fusion-layout-column fusion_builder_column fusion-builder-column-2 fusion_builder_column_1_1 1_1 fusion-flex-column\" style=\"--awb-bg-size:cover;--awb-width-large:100%;--awb-margin-top-large:0px;--awb-spacing-right-large:1.92%;--awb-margin-bottom-large:20px;--awb-spacing-left-large:1.92%;--awb-width-medium:100%;--awb-order-medium:0;--awb-spacing-right-medium:1.92%;--awb-spacing-left-medium:1.92%;--awb-width-small:100%;--awb-order-small:0;--awb-spacing-right-small:1.92%;--awb-spacing-left-small:1.92%;\"><div class=\"fusion-column-wrapper fusion-column-has-shadow fusion-flex-justify-content-flex-start fusion-content-layout-column\"><\/div><\/div><\/div><\/div><div class=\"fusion-fullwidth fullwidth-box fusion-builder-row-4 nonhundred-percent-fullwidth non-hundred-percent-height-scrolling fusion-equal-height-columns\" style=\"--awb-border-radius-top-left:0px;--awb-border-radius-top-right:0px;--awb-border-radius-bottom-right:0px;--awb-border-radius-bottom-left:0px;--awb-padding-bottom:15px;--awb-flex-wrap:wrap;\" ><div class=\"fusion-builder-row fusion-row\"><div class=\"fusion-layout-column fusion_builder_column fusion-builder-column-3 fusion_builder_column_1_1 1_1 fusion-one-full fusion-column-first fusion-column-last\" style=\"--awb-bg-size:cover;\"><div class=\"fusion-column-wrapper fusion-column-has-shadow fusion-flex-column-wrapper-legacy\"><div class=\"fusion-title title fusion-title-4 sep-underline sep-dotted fusion-title-text fusion-title-size-one\" style=\"--awb-text-color:#569e3a;--awb-margin-top:30px;--awb-margin-bottom:30px;--awb-margin-top-small:30px;--awb-margin-right-small:0px;--awb-margin-left-small:0px;--awb-sep-color:#569e3a;\"><h1 class=\"fusion-title-heading title-heading-left\" style=\"margin:0;\">ESCUELA DE KAYAK<\/h1><\/div><div class=\"fusion-text fusion-text-2\" style=\"--awb-font-size:18px;\"><p>Las escuelas se encuentran en las localidades de San Javier y Nuevo Berl\u00edn, en el departamento de Fray Bentos. Gracias al proyecto \u201cIslas y Canales Verdes del R\u00edo Uruguay\u201d, desde AMB\u00c1 brindamos apoyo y coordinaci\u00f3n de la donaci\u00f3n de 50 kayaks, capacitaciones y equipamiento necesario para fortalecer las actividades de las escuelas. <\/p>\n<p>Est\u00e1n abiertas para todos los ni\u00f1os, ni\u00f1as y j\u00f3venes de la zona. El objetivo es ofrecer una actividad de educaci\u00f3n ambiental y as\u00ed lograr un acercamiento a la naturaleza y a la \u00a8cultura de r\u00edo\u00a8. Es una oportunidad \u00fanica para conocer de cerca el Parque Nacional Esteros de Farrapos e Islas del R\u00edo Uruguay e involucrarse con los ecosistemas del pa\u00eds, generando conciencia sobre la importancia de la conservaci\u00f3n de estos entornos. <\/p>\n<\/div><div class=\"fusion-clearfix\"><\/div><\/div><\/div><\/div><\/div><div class=\"fusion-fullwidth fullwidth-box fusion-builder-row-5 fusion-parallax-fixed hundred-percent-fullwidth non-hundred-percent-height-scrolling\" style=\"--awb-border-sizes-top:0;--awb-border-sizes-bottom:0;--awb-border-sizes-left:0px;--awb-border-sizes-right:0px;--awb-border-radius-top-left:0px;--awb-border-radius-top-right:0px;--awb-border-radius-bottom-right:0px;--awb-border-radius-bottom-left:0px;--awb-padding-top:200px;--awb-padding-bottom:196px;--awb-margin-top:0px;--awb-margin-bottom:0px;--awb-background-image:url(&quot;https:\/\/amba.org.uy\/a\/wp-content\/uploads\/2023\/11\/kayaks-a-San-javier-12.jpg&quot;);--awb-background-size:cover;--awb-flex-wrap:wrap;background-attachment:fixed;\" ><div class=\"fusion-builder-row fusion-row\"><div class=\"fusion-layout-column fusion_builder_column fusion-builder-column-4 fusion_builder_column_1_1 1_1 fusion-one-full fusion-column-first fusion-column-last\" style=\"--awb-bg-size:cover;\"><div class=\"fusion-column-wrapper fusion-column-has-shadow fusion-flex-column-wrapper-legacy\"><div class=\"fusion-clearfix\"><\/div><\/div><\/div><\/div><\/div><div class=\"fusion-fullwidth fullwidth-box fusion-builder-row-6 nonhundred-percent-fullwidth non-hundred-percent-height-scrolling fusion-equal-height-columns\" style=\"--awb-border-radius-top-left:0px;--awb-border-radius-top-right:0px;--awb-border-radius-bottom-right:0px;--awb-border-radius-bottom-left:0px;--awb-padding-bottom:25px;--awb-flex-wrap:wrap;\" ><div class=\"fusion-builder-row fusion-row\"><div class=\"fusion-layout-column fusion_builder_column fusion-builder-column-5 fusion_builder_column_1_1 1_1 fusion-one-full fusion-column-first fusion-column-last\" style=\"--awb-bg-size:cover;\"><div class=\"fusion-column-wrapper fusion-column-has-shadow fusion-flex-column-wrapper-legacy\"><div class=\"fusion-title title fusion-title-5 sep-underline sep-dotted fusion-title-text fusion-title-size-one\" style=\"--awb-text-color:#569e3a;--awb-margin-top:30px;--awb-margin-bottom:30px;--awb-margin-top-small:30px;--awb-margin-right-small:0px;--awb-margin-left-small:0px;--awb-sep-color:#569e3a;\"><h1 class=\"fusion-title-heading title-heading-left\" style=\"margin:0;\">REFUGIOS Y SENDEROS<\/h1><\/div><div class=\"fusion-text fusion-text-3\" style=\"--awb-font-size:18px;\"><p>Con el objetivo de contribuir en el desarrollo sostenible del \u00e1rea, se construyeron refugios y senderos para impulsar actividades de turismo de naturaleza y educaci\u00f3n ambiental que promuevan la conservaci\u00f3n de los ecosistemas del R\u00edo Uruguay.<\/p>\n<p>Los refugios se construyeron en la isla Basura, la isla Ping\u00fcino y en la desembocadura del arroyo Farrapos. El objetivo es que en cualquier momento del a\u00f1o los turistas y vecinos puedan visitar la zona. Las estructuras son de metal con revestimiento en madera y miden seis metros de altura para prevenir que el agua los alcance durante las crecidas del r\u00edo, si bien son inundables.<\/p>\n<p>Por otra parte, los senderos fueron construidos con materiales que acompa\u00f1an los ecosistemas que recorren, generando plataformas que permiten habitar el espacio sin generar mayores impactos.<\/p>\n<\/div><div class=\"fusion-clearfix\"><\/div><\/div><\/div><\/div><\/div><div class=\"fusion-fullwidth fullwidth-box fusion-builder-row-7 fusion-parallax-fixed hundred-percent-fullwidth non-hundred-percent-height-scrolling\" style=\"--awb-border-sizes-top:0;--awb-border-sizes-bottom:0;--awb-border-sizes-left:0px;--awb-border-sizes-right:0px;--awb-border-radius-top-left:0px;--awb-border-radius-top-right:0px;--awb-border-radius-bottom-right:0px;--awb-border-radius-bottom-left:0px;--awb-padding-top:350px;--awb-padding-bottom:350px;--awb-background-image:url(&quot;https:\/\/amba.org.uy\/a\/wp-content\/uploads\/2023\/12\/WhatsApp-Image-2023-07-03-at-09.33.36-2.jpeg&quot;);--awb-background-size:cover;--awb-flex-wrap:wrap;background-attachment:fixed;\" ><div class=\"fusion-builder-row fusion-row\"><div class=\"fusion-layout-column fusion_builder_column fusion-builder-column-6 fusion_builder_column_1_1 1_1 fusion-one-full fusion-column-first fusion-column-last\" style=\"--awb-bg-size:cover;\"><div class=\"fusion-column-wrapper fusion-column-has-shadow fusion-flex-column-wrapper-legacy\"><div class=\"fusion-clearfix\"><\/div><\/div><\/div><\/div><\/div><div class=\"fusion-fullwidth fullwidth-box fusion-builder-row-8 nonhundred-percent-fullwidth non-hundred-percent-height-scrolling fusion-equal-height-columns\" style=\"--awb-border-radius-top-left:0px;--awb-border-radius-top-right:0px;--awb-border-radius-bottom-right:0px;--awb-border-radius-bottom-left:0px;--awb-padding-top:20px;--awb-padding-bottom:20px;--awb-flex-wrap:wrap;\" ><div class=\"fusion-builder-row fusion-row\"><div class=\"fusion-layout-column fusion_builder_column fusion-builder-column-7 fusion_builder_column_1_1 1_1 fusion-one-full fusion-column-first fusion-column-last\" style=\"--awb-bg-size:cover;\"><div class=\"fusion-column-wrapper fusion-column-has-shadow fusion-flex-column-wrapper-legacy\"><div class=\"fusion-title title fusion-title-6 sep-underline sep-dotted fusion-title-text fusion-title-size-one\" style=\"--awb-text-color:#569e3a;--awb-margin-top:30px;--awb-margin-bottom:30px;--awb-margin-top-small:30px;--awb-margin-right-small:0px;--awb-margin-left-small:0px;--awb-sep-color:#569e3a;\"><h1 class=\"fusion-title-heading title-heading-left\" style=\"margin:0;\">PUNTOS DE ACCESO<\/h1><\/div><div class=\"fusion-text fusion-text-4\" style=\"--awb-font-size:18px;\"><p><span style=\"font-weight: 400;\">Dentro de los l\u00edmites del parque Parque Nacional Esteros de Farrapos e Islas del R\u00edo Uruguay se encuentran dos centros poblados que representan los portales de ingreso al \u00e1rea protegida: Nuevo Berl\u00edn al sur y San Javier al norte, dos localidades originadas de antiguas colonias de inmigrantes que conservan algunas de sus tradiciones.<\/span><\/p>\n<p><span style=\"font-weight: 400;\">Nuevo Berl\u00edn, ubicada a cuarenta kil\u00f3metros de Fray Bentos, en el departamento de R\u00edo Negro, tiene caracter\u00edsticas \u00fanicas, coronada por un gran archipi\u00e9lago de islas. En estas islas se ubican las colmenas productoras de la reconocida  \u0308miel isle\u00f1a \u0308, que caracteriza a esta localidad. Por otra parte, San Javier es una peque\u00f1a localidad fundada por inmigrantes de origen ruso: unas trescientas familias trajeron su riqueza cultural, sus danzas, oficios y gastronom\u00eda, que a\u00fan perduran y se pueden disfrutar en este rinc\u00f3n del departamento de R\u00edo Negro.<\/span><\/p>\n<p><b><a href=\"https:\/\/amba.org.uy\/a\/programas\/proyecto-rio-uruguay\/sanjavier\/\" target=\"_blank\" rel=\"noopener noreferrer\">Conoc\u00e9 m\u00e1s informaci\u00f3n de San Javier y su propuesta ac\u00e1.<\/a><\/b><\/p>\n<p><b><a href=\"https:\/\/amba.org.uy\/a\/programas\/proyecto-rio-uruguay\/nuevoberlin\/\" target=\"_blank\" rel=\"noopener noreferrer\">Descubr\u00ed Nuevo Berl\u00edn y sus actividades ac\u00e1. <\/a><\/b><\/p>\n<\/div><div class=\"fusion-clearfix\"><\/div><\/div><\/div><\/div><\/div><\/p>\n","protected":false},"excerpt":{"rendered":"","protected":false},"author":2,"featured_media":0,"parent":201,"menu_order":0,"comment_status":"closed","ping_status":"closed","template":"100-width.php","meta":{"footnotes":""},"_links":{"self":[{"href":"https:\/\/amba.org.uy\/a\/wp-json\/wp\/v2\/pages\/1756"}],"collection":[{"href":"https:\/\/amba.org.uy\/a\/wp-json\/wp\/v2\/pages"}],"about":[{"href":"https:\/\/amba.org.uy\/a\/wp-json\/wp\/v2\/types\/page"}],"author":[{"embeddable":true,"href":"https:\/\/amba.org.uy\/a\/wp-json\/wp\/v2\/users\/2"}],"replies":[{"embeddable":true,"href":"https:\/\/amba.org.uy\/a\/wp-json\/wp\/v2\/comments?post=1756"}],"version-history":[{"count":20,"href":"https:\/\/amba.org.uy\/a\/wp-json\/wp\/v2\/pages\/1756\/revisions"}],"predecessor-version":[{"id":2010,"href":"https:\/\/amba.org.uy\/a\/wp-json\/wp\/v2\/pages\/1756\/revisions\/2010"}],"up":[{"embeddable":true,"href":"https:\/\/amba.org.uy\/a\/wp-json\/wp\/v2\/pages\/201"}],"wp:attachment":[{"href":"https:\/\/amba.org.uy\/a\/wp-json\/wp\/v2\/media?parent=1756"}],"curies":[{"name":"wp","href":"https:\/\/api.w.org\/{rel}","templated":true}]}}