{"id":1961,"date":"2024-09-06T19:03:08","date_gmt":"2024-09-06T19:03:08","guid":{"rendered":"https:\/\/amba.org.uy\/a\/?page_id=1961"},"modified":"2025-11-21T15:56:08","modified_gmt":"2025-11-21T15:56:08","slug":"newsletter","status":"publish","type":"page","link":"https:\/\/amba.org.uy\/a\/newsletter\/","title":{"rendered":"Newsletter"},"content":{"rendered":"<p><div class=\"fusion-fullwidth fullwidth-box fusion-builder-row-1 fusion-flex-container has-pattern-background has-mask-background hundred-percent-fullwidth non-hundred-percent-height-scrolling\" style=\"--link_color: #424242;--awb-border-radius-top-left:0px;--awb-border-radius-top-right:0px;--awb-border-radius-bottom-right:0px;--awb-border-radius-bottom-left:0px;--awb-padding-top:30px;--awb-background-color:#2b2018;--awb-flex-wrap:wrap;\" ><div class=\"fusion-builder-row fusion-row fusion-flex-align-items-flex-start fusion-flex-justify-content-center fusion-flex-content-wrap\" style=\"width:104% !important;max-width:104% !important;margin-left: calc(-4% \/ 2 );margin-right: calc(-4% \/ 2 );\"><div class=\"fusion-layout-column fusion_builder_column fusion-builder-column-0 fusion_builder_column_1_2 1_2 fusion-flex-column fusion-flex-align-self-center\" style=\"--awb-bg-size:cover;--awb-width-large:50%;--awb-margin-top-large:0px;--awb-spacing-right-large:3.84%;--awb-margin-bottom-large:20px;--awb-spacing-left-large:3.84%;--awb-width-medium:100%;--awb-order-medium:0;--awb-spacing-right-medium:1.92%;--awb-spacing-left-medium:1.92%;--awb-width-small:100%;--awb-order-small:0;--awb-spacing-right-small:1.92%;--awb-spacing-left-small:1.92%;\"><div class=\"fusion-column-wrapper fusion-column-has-shadow fusion-flex-justify-content-flex-start fusion-content-layout-column\"><div class=\"fusion-title title fusion-title-1 fusion-sep-none fusion-title-center fusion-title-text fusion-title-size-one\" style=\"--awb-text-color:#377728;--awb-margin-top:30px;--awb-margin-top-small:0px;--awb-margin-right-small:0px;--awb-margin-bottom-small:20px;--awb-margin-left-small:0px;\"><h1 class=\"fusion-title-heading title-heading-center sm-text-align-left\" style=\"margin:0;\">Suscribite a nuestro Newsletter<\/h1><\/div><\/div><\/div><div class=\"fusion-layout-column fusion_builder_column fusion-builder-column-1 fusion_builder_column_1_2 1_2 fusion-flex-column\" style=\"--awb-bg-size:cover;--awb-width-large:50%;--awb-margin-top-large:0px;--awb-spacing-right-large:3.84%;--awb-margin-bottom-large:20px;--awb-spacing-left-large:3.84%;--awb-width-medium:100%;--awb-order-medium:0;--awb-spacing-right-medium:1.92%;--awb-spacing-left-medium:1.92%;--awb-width-small:100%;--awb-order-small:0;--awb-spacing-right-small:1.92%;--awb-spacing-left-small:1.92%;\"><div class=\"fusion-column-wrapper fusion-column-has-shadow fusion-flex-justify-content-flex-start fusion-content-layout-column\"><script>(function() {\n\twindow.mc4wp = window.mc4wp || {\n\t\tlisteners: [],\n\t\tforms: {\n\t\t\ton: function(evt, cb) {\n\t\t\t\twindow.mc4wp.listeners.push(\n\t\t\t\t\t{\n\t\t\t\t\t\tevent   : evt,\n\t\t\t\t\t\tcallback: cb\n\t\t\t\t\t}\n\t\t\t\t);\n\t\t\t}\n\t\t}\n\t}\n})();\n<\/script><!-- Mailchimp for WordPress v4.10.4 - https:\/\/wordpress.org\/plugins\/mailchimp-for-wp\/ --><form id=\"mc4wp-form-1\" class=\"mc4wp-form mc4wp-form-1967 mc4wp-form-theme mc4wp-form-theme-light\" method=\"post\" data-id=\"1967\" data-name=\"Amba web\" ><div class=\"mc4wp-form-fields\"><p>\r\n\t<label>\r\n\t\t<input type=\"email\" name=\"EMAIL\" placeholder=\"Tu direcci\u00f3n de correo electr\u00f3nico\" required \/>\r\n<\/label>\r\n<\/p>\r\n\r\n<p>\r\n\t<input type=\"submit\" value=\"Suscribirse\" \/>\r\n<\/p><\/div><label style=\"display: none !important;\">Deja vac\u00edo este campo si eres humano: <input type=\"text\" name=\"_mc4wp_honeypot\" value=\"\" tabindex=\"-1\" autocomplete=\"off\" \/><\/label><input type=\"hidden\" name=\"_mc4wp_timestamp\" value=\"1778953059\" \/><input type=\"hidden\" name=\"_mc4wp_form_id\" value=\"1967\" \/><input type=\"hidden\" name=\"_mc4wp_form_element_id\" value=\"mc4wp-form-1\" \/><div class=\"mc4wp-response\"><\/div><\/form><!-- \/ Mailchimp for WordPress Plugin --><\/div><\/div><\/div><\/div><div class=\"fusion-fullwidth fullwidth-box fusion-builder-row-2 fusion-flex-container has-pattern-background has-mask-background nonhundred-percent-fullwidth non-hundred-percent-height-scrolling\" style=\"--awb-border-radius-top-left:0px;--awb-border-radius-top-right:0px;--awb-border-radius-bottom-right:0px;--awb-border-radius-bottom-left:0px;--awb-flex-wrap:wrap;\" ><div class=\"fusion-builder-row fusion-row fusion-flex-align-items-flex-start fusion-flex-content-wrap\" style=\"max-width:1144px;margin-left: calc(-4% \/ 2 );margin-right: calc(-4% \/ 2 );\"><div class=\"fusion-layout-column fusion_builder_column fusion-builder-column-2 fusion_builder_column_1_1 1_1 fusion-flex-column\" style=\"--awb-bg-size:cover;--awb-width-large:100%;--awb-margin-top-large:0px;--awb-spacing-right-large:1.92%;--awb-margin-bottom-large:20px;--awb-spacing-left-large:1.92%;--awb-width-medium:100%;--awb-order-medium:0;--awb-spacing-right-medium:1.92%;--awb-spacing-left-medium:1.92%;--awb-width-small:100%;--awb-order-small:0;--awb-spacing-right-small:1.92%;--awb-spacing-left-small:1.92%;\"><div class=\"fusion-column-wrapper fusion-column-has-shadow fusion-flex-justify-content-flex-start fusion-content-layout-column\"><div class=\"fusion-blog-shortcode fusion-blog-shortcode-1 fusion-blog-archive fusion-blog-layout-medium fusion-blog-pagination\" style=\"margin-top:30px;--awb-title-font-size:26px;--awb-title-font-family:&quot;GothamBook&quot;;--awb-title-font-style:normal;--awb-title-font-weight:400;\"><div class=\"fusion-posts-container fusion-posts-container-pagination fusion-no-meta-info fusion-blog-rollover\" data-pages=\"1\"><article id=\"blog-1-post-2135\" class=\"fusion-post-medium post-2135 post type-post status-publish format-standard has-post-thumbnail hentry category-socios\">\n\t<style type=\"text\/css\">\n\t\t\n\t\t\n\t\t\n\t\t\n\t\t\t<\/style>\n\n\n\t\t\t<div class=\"fusion-flexslider flexslider fusion-flexslider-loading fusion-post-slideshow\" style=\"\">\n\t\t<ul class=\"slides\">\n\t\t\t\n\t\t\t\t\t\t\t\t\t\t\t\t\t\t<li><div  class=\"fusion-image-wrapper fusion-image-size-fixed\" aria-haspopup=\"true\">\n\t\t\t\t<img decoding=\"async\" width=\"320\" height=\"202\" src=\"https:\/\/amba.org.uy\/a\/wp-content\/uploads\/2025\/11\/Captura-de-pantalla-2025-11-20-a-las-1.46.54\u202fp.-m-320x202.png\" class=\"attachment-blog-medium size-blog-medium wp-post-image\" alt=\"\" srcset=\"https:\/\/amba.org.uy\/a\/wp-content\/uploads\/2025\/11\/Captura-de-pantalla-2025-11-20-a-las-1.46.54\u202fp.-m-320x202.png 320w, https:\/\/amba.org.uy\/a\/wp-content\/uploads\/2025\/11\/Captura-de-pantalla-2025-11-20-a-las-1.46.54\u202fp.-m-700x441.png 700w\" sizes=\"(max-width: 320px) 100vw, 320px\" \/><div class=\"fusion-rollover\">\n\t<div class=\"fusion-rollover-content\">\n\n\t\t\t\t\t\t\t\t\t\t\t\t\t\t<a class=\"fusion-rollover-link\" href=\"https:\/\/amba.org.uy\/a\/programa-de-socios-de-amba-un-compromiso-para-sostener-la-regeneracion-ecologica\/\">PROGRAMA DE SOCIOS DE AMB\u00c1: UN COMPROMISO PARA SOSTENER LA PRODUCCI\u00d3N DE NATURALEZA<\/a>\n\t\t\t\n\t\t\t\t\t\t\t\t\t\t\t\t\t\t\n\t\t\t\t\t\t\t\t\n\t\t\t\t\t\t\t\t\t\t\t\t\t<div class=\"fusion-rollover-sep\"><\/div>\n\t\t\t\t\n\t\t\t\t\t\t\t\t\t\t\t\t\t\t\t\t\t\t<a class=\"fusion-rollover-gallery\" href=\"https:\/\/amba.org.uy\/a\/wp-content\/uploads\/2025\/11\/Captura-de-pantalla-2025-11-20-a-las-1.46.54\u202fp.-m.png\" data-options=\"\" data-id=\"2135\" data-rel=\"iLightbox[gallery]\" data-title=\"Captura-de-pantalla-2025-11-20-a-las-1.46.54\u202fp.-m\" data-caption=\"\">\n\t\t\t\t\t\tGaler\u00eda\t\t\t\t\t<\/a>\n\t\t\t\t\t\t\t\t\t\t\t\t\t\t\n\t\t\n\t\t\t\t\t\t\t\t\t\t\t\t<h4 class=\"fusion-rollover-title\">\n\t\t\t\t\t<a class=\"fusion-rollover-title-link\" href=\"https:\/\/amba.org.uy\/a\/programa-de-socios-de-amba-un-compromiso-para-sostener-la-regeneracion-ecologica\/\">\n\t\t\t\t\t\tPROGRAMA DE SOCIOS DE AMB\u00c1: UN COMPROMISO PARA SOSTENER LA PRODUCCI\u00d3N DE NATURALEZA\t\t\t\t\t<\/a>\n\t\t\t\t<\/h4>\n\t\t\t\n\t\t\t\t\t\t\t\t\t\t<div class=\"fusion-rollover-categories\"><a href=\"https:\/\/amba.org.uy\/a\/category\/socios\/\" rel=\"tag\">Socios<\/a><\/div>\t\t\t\t\t\n\t\t\n\t\t\t\t\t\t<a class=\"fusion-link-wrapper\" href=\"https:\/\/amba.org.uy\/a\/programa-de-socios-de-amba-un-compromiso-para-sostener-la-regeneracion-ecologica\/\" aria-label=\"PROGRAMA DE SOCIOS DE AMB\u00c1: UN COMPROMISO PARA SOSTENER LA PRODUCCI\u00d3N DE NATURALEZA\"><\/a>\n\t<\/div>\n<\/div>\n<\/div>\n<\/li>\n\t\t\t\n\t\t\t\n\t\t\t\t\t\t\t\t\t\t\t\t\t\t\t\t\t\t\t\t\t\t\t\t\t\t\t\t\t\t\t\t\t\t\t\t\t\t\t\t\t\t\t\t\t\t\t\t\t\t\t\t\t\t\t\t\t\t\t\t\t\t\t\t\t\t\t\t<\/ul>\n\t<\/div>\n\t<div class=\"fusion-post-content post-content\"><h1 class=\"blog-shortcode-post-title entry-title\"><a href=\"https:\/\/amba.org.uy\/a\/programa-de-socios-de-amba-un-compromiso-para-sostener-la-regeneracion-ecologica\/\">PROGRAMA DE SOCIOS DE AMB\u00c1: UN COMPROMISO PARA SOSTENER LA PRODUCCI\u00d3N DE NATURALEZA<\/a><\/h1><div class=\"fusion-post-content-container\"><p>En un esfuerzo por garantizar la sostenibilidad y la continuidad de todos nuestros programas, anunciamos el lanzamiento oficial de nuestro Programa de Socios. Esta iniciativa est\u00e1 dise\u00f1ada<a href=\"https:\/\/amba.org.uy\/a\/programa-de-socios-de-amba-un-compromiso-para-sostener-la-regeneracion-ecologica\/\">Seguir leyendo<\/a><\/p><\/div><\/div><div class=\"fusion-clearfix\"><\/div><\/article>\n<article id=\"blog-1-post-2121\" class=\"fusion-post-medium post-2121 post type-post status-publish format-standard has-post-thumbnail hentry category-emprendedores category-proyecto-carape\">\n\t<style type=\"text\/css\">\n\t\t\n\t\t\n\t\t\n\t\t\n\t\t\t<\/style>\n\n\n\t\t\t<div class=\"fusion-flexslider flexslider fusion-flexslider-loading fusion-post-slideshow\" style=\"\">\n\t\t<ul class=\"slides\">\n\t\t\t\n\t\t\t\t\t\t\t\t\t\t\t\t\t\t<li><div  class=\"fusion-image-wrapper fusion-image-size-fixed\" aria-haspopup=\"true\">\n\t\t\t\t<img decoding=\"async\" width=\"320\" height=\"202\" src=\"https:\/\/amba.org.uy\/a\/wp-content\/uploads\/2025\/11\/SIERRAS_PAISAJE_Matias-Villegas_mativillegas.ph-61-2-320x202.jpg\" class=\"attachment-blog-medium size-blog-medium wp-post-image\" alt=\"\" srcset=\"https:\/\/amba.org.uy\/a\/wp-content\/uploads\/2025\/11\/SIERRAS_PAISAJE_Matias-Villegas_mativillegas.ph-61-2-320x202.jpg 320w, https:\/\/amba.org.uy\/a\/wp-content\/uploads\/2025\/11\/SIERRAS_PAISAJE_Matias-Villegas_mativillegas.ph-61-2-700x441.jpg 700w\" sizes=\"(max-width: 320px) 100vw, 320px\" \/><div class=\"fusion-rollover\">\n\t<div class=\"fusion-rollover-content\">\n\n\t\t\t\t\t\t\t\t\t\t\t\t\t\t<a class=\"fusion-rollover-link\" href=\"https:\/\/amba.org.uy\/a\/proyecto-carape-conservacion-ecologica-y-desarrollo-con-identidad-local-en-las-sierras-de-rocha-y-maldonado\/\">PROYECTO CARAP\u00c9: CONSERVACI\u00d3N ECOL\u00d3GICA Y DESARROLLO CON IDENTIDAD LOCAL EN LAS SIERRAS DE ROCHA Y MALDONADO<\/a>\n\t\t\t\n\t\t\t\t\t\t\t\t\t\t\t\t\t\t\n\t\t\t\t\t\t\t\t\n\t\t\t\t\t\t\t\t\t\t\t\t\t<div class=\"fusion-rollover-sep\"><\/div>\n\t\t\t\t\n\t\t\t\t\t\t\t\t\t\t\t\t\t\t\t\t\t\t<a class=\"fusion-rollover-gallery\" href=\"https:\/\/amba.org.uy\/a\/wp-content\/uploads\/2025\/11\/SIERRAS_PAISAJE_Matias-Villegas_mativillegas.ph-61-2.jpg\" data-options=\"\" data-id=\"2121\" data-rel=\"iLightbox[gallery]\" data-title=\"SIERRAS_PAISAJE_Matias-Villegas_mativillegas.ph-61-2\" data-caption=\"\">\n\t\t\t\t\t\tGaler\u00eda\t\t\t\t\t<\/a>\n\t\t\t\t\t\t\t\t\t\t\t\t\t\t\n\t\t\n\t\t\t\t\t\t\t\t\t\t\t\t<h4 class=\"fusion-rollover-title\">\n\t\t\t\t\t<a class=\"fusion-rollover-title-link\" href=\"https:\/\/amba.org.uy\/a\/proyecto-carape-conservacion-ecologica-y-desarrollo-con-identidad-local-en-las-sierras-de-rocha-y-maldonado\/\">\n\t\t\t\t\t\tPROYECTO CARAP\u00c9: CONSERVACI\u00d3N ECOL\u00d3GICA Y DESARROLLO CON IDENTIDAD LOCAL EN LAS SIERRAS DE ROCHA Y MALDONADO\t\t\t\t\t<\/a>\n\t\t\t\t<\/h4>\n\t\t\t\n\t\t\t\t\t\t\t\t\t\t<div class=\"fusion-rollover-categories\"><a href=\"https:\/\/amba.org.uy\/a\/category\/emprendedores\/\" rel=\"tag\">Emprendedores<\/a>, <a href=\"https:\/\/amba.org.uy\/a\/category\/proyecto-carape\/\" rel=\"tag\">Proyecto Carap\u00e9<\/a><\/div>\t\t\t\t\t\n\t\t\n\t\t\t\t\t\t<a class=\"fusion-link-wrapper\" href=\"https:\/\/amba.org.uy\/a\/proyecto-carape-conservacion-ecologica-y-desarrollo-con-identidad-local-en-las-sierras-de-rocha-y-maldonado\/\" aria-label=\"PROYECTO CARAP\u00c9: CONSERVACI\u00d3N ECOL\u00d3GICA Y DESARROLLO CON IDENTIDAD LOCAL EN LAS SIERRAS DE ROCHA Y MALDONADO\"><\/a>\n\t<\/div>\n<\/div>\n<\/div>\n<\/li>\n\t\t\t\n\t\t\t\n\t\t\t\t\t\t\t\t\t\t\t\t\t\t\t\t\t\t\t\t\t\t\t\t\t\t\t\t\t\t\t\t\t\t\t\t\t\t\t\t\t\t\t\t\t\t\t\t\t\t\t\t\t\t\t\t\t\t\t\t\t\t\t\t\t\t\t\t<\/ul>\n\t<\/div>\n\t<div class=\"fusion-post-content post-content\"><h1 class=\"blog-shortcode-post-title entry-title\"><a href=\"https:\/\/amba.org.uy\/a\/proyecto-carape-conservacion-ecologica-y-desarrollo-con-identidad-local-en-las-sierras-de-rocha-y-maldonado\/\">PROYECTO CARAP\u00c9: CONSERVACI\u00d3N ECOL\u00d3GICA Y DESARROLLO CON IDENTIDAD LOCAL EN LAS SIERRAS DE ROCHA Y MALDONADO<\/a><\/h1><div class=\"fusion-post-content-container\"><p>El Proyecto Carap\u00e9 representa un esfuerzo integral para la preservaci\u00f3n de un patrimonio natural de gran valor ubicado en las Sierras de Carap\u00e9, abarcando territorios en los<a href=\"https:\/\/amba.org.uy\/a\/proyecto-carape-conservacion-ecologica-y-desarrollo-con-identidad-local-en-las-sierras-de-rocha-y-maldonado\/\">Seguir leyendo<\/a><\/p><\/div><\/div><div class=\"fusion-clearfix\"><\/div><\/article>\n<article id=\"blog-1-post-2112\" class=\"fusion-post-medium post-2112 post type-post status-publish format-standard has-post-thumbnail hentry category-naturaleza category-restauracion-ecologica category-socios\">\n\t<style type=\"text\/css\">\n\t\t\n\t\t\n\t\t\n\t\t\n\t\t\t<\/style>\n\n\n\t\t\t<div class=\"fusion-flexslider flexslider fusion-flexslider-loading fusion-post-slideshow\" style=\"\">\n\t\t<ul class=\"slides\">\n\t\t\t\n\t\t\t\t\t\t\t\t\t\t\t\t\t\t<li><div  class=\"fusion-image-wrapper fusion-image-size-fixed\" aria-haspopup=\"true\">\n\t\t\t\t<img decoding=\"async\" width=\"320\" height=\"202\" src=\"https:\/\/amba.org.uy\/a\/wp-content\/uploads\/2025\/11\/Margay_SANTIAGO-ECHEVERRIA-7-2-copia-320x202.jpg\" class=\"attachment-blog-medium size-blog-medium wp-post-image\" alt=\"\" srcset=\"https:\/\/amba.org.uy\/a\/wp-content\/uploads\/2025\/11\/Margay_SANTIAGO-ECHEVERRIA-7-2-copia-320x202.jpg 320w, https:\/\/amba.org.uy\/a\/wp-content\/uploads\/2025\/11\/Margay_SANTIAGO-ECHEVERRIA-7-2-copia-700x441.jpg 700w\" sizes=\"(max-width: 320px) 100vw, 320px\" \/><div class=\"fusion-rollover\">\n\t<div class=\"fusion-rollover-content\">\n\n\t\t\t\t\t\t\t\t\t\t\t\t\t\t<a class=\"fusion-rollover-link\" href=\"https:\/\/amba.org.uy\/a\/programa-de-monitoreo-del-margay-avistamientos-de-la-especie-en-los-bosques-serranos\/\">PROGRAMA DE MONITOREO DEL MARGAY: AVISTAMIENTOS DE LA ESPECIE EN LOS BOSQUES SERRANOS<\/a>\n\t\t\t\n\t\t\t\t\t\t\t\t\t\t\t\t\t\t\n\t\t\t\t\t\t\t\t\n\t\t\t\t\t\t\t\t\t\t\t\t\t<div class=\"fusion-rollover-sep\"><\/div>\n\t\t\t\t\n\t\t\t\t\t\t\t\t\t\t\t\t\t\t\t\t\t\t<a class=\"fusion-rollover-gallery\" href=\"https:\/\/amba.org.uy\/a\/wp-content\/uploads\/2025\/11\/Margay_SANTIAGO-ECHEVERRIA-7-2-copia.jpg\" data-options=\"\" data-id=\"2112\" data-rel=\"iLightbox[gallery]\" data-title=\"Margay_SANTIAGO-ECHEVERRIA-7-2-copia\" data-caption=\"\">\n\t\t\t\t\t\tGaler\u00eda\t\t\t\t\t<\/a>\n\t\t\t\t\t\t\t\t\t\t\t\t\t\t\n\t\t\n\t\t\t\t\t\t\t\t\t\t\t\t<h4 class=\"fusion-rollover-title\">\n\t\t\t\t\t<a class=\"fusion-rollover-title-link\" href=\"https:\/\/amba.org.uy\/a\/programa-de-monitoreo-del-margay-avistamientos-de-la-especie-en-los-bosques-serranos\/\">\n\t\t\t\t\t\tPROGRAMA DE MONITOREO DEL MARGAY: AVISTAMIENTOS DE LA ESPECIE EN LOS BOSQUES SERRANOS\t\t\t\t\t<\/a>\n\t\t\t\t<\/h4>\n\t\t\t\n\t\t\t\t\t\t\t\t\t\t<div class=\"fusion-rollover-categories\"><a href=\"https:\/\/amba.org.uy\/a\/category\/naturaleza\/\" rel=\"tag\">Naturaleza<\/a>, <a href=\"https:\/\/amba.org.uy\/a\/category\/restauracion-ecologica\/\" rel=\"tag\">Restauraci\u00f3n Ecol\u00f3gica<\/a>, <a href=\"https:\/\/amba.org.uy\/a\/category\/socios\/\" rel=\"tag\">Socios<\/a><\/div>\t\t\t\t\t\n\t\t\n\t\t\t\t\t\t<a class=\"fusion-link-wrapper\" href=\"https:\/\/amba.org.uy\/a\/programa-de-monitoreo-del-margay-avistamientos-de-la-especie-en-los-bosques-serranos\/\" aria-label=\"PROGRAMA DE MONITOREO DEL MARGAY: AVISTAMIENTOS DE LA ESPECIE EN LOS BOSQUES SERRANOS\"><\/a>\n\t<\/div>\n<\/div>\n<\/div>\n<\/li>\n\t\t\t\n\t\t\t\n\t\t\t\t\t\t\t\t\t\t\t\t\t\t\t\t\t\t\t\t\t\t\t\t\t\t\t\t\t\t\t\t\t\t\t\t\t\t\t\t\t\t\t\t\t\t\t\t\t\t\t\t\t\t\t\t\t\t\t\t\t\t\t\t\t\t\t\t<\/ul>\n\t<\/div>\n\t<div class=\"fusion-post-content post-content\"><h1 class=\"blog-shortcode-post-title entry-title\"><a href=\"https:\/\/amba.org.uy\/a\/programa-de-monitoreo-del-margay-avistamientos-de-la-especie-en-los-bosques-serranos\/\">PROGRAMA DE MONITOREO DEL MARGAY: AVISTAMIENTOS DE LA ESPECIE EN LOS BOSQUES SERRANOS<\/a><\/h1><div class=\"fusion-post-content-container\"><p>Desde las sierras, el programa de monitoreo de mam\u00edferos que realizamos en Amb\u00e1 contin\u00faa aportando datos valiosos sobre la fauna local. Mediante el uso de c\u00e1maras trampa<a href=\"https:\/\/amba.org.uy\/a\/programa-de-monitoreo-del-margay-avistamientos-de-la-especie-en-los-bosques-serranos\/\">Seguir leyendo<\/a><\/p><\/div><\/div><div class=\"fusion-clearfix\"><\/div><\/article>\n<article id=\"blog-1-post-2100\" class=\"fusion-post-medium post-2100 post type-post status-publish format-standard has-post-thumbnail hentry category-rio-uruguay category-socios\">\n\t<style type=\"text\/css\">\n\t\t\n\t\t\n\t\t\n\t\t\n\t\t\t<\/style>\n\n\n\t\t\t<div class=\"fusion-flexslider flexslider fusion-flexslider-loading fusion-post-slideshow\" style=\"\">\n\t\t<ul class=\"slides\">\n\t\t\t\n\t\t\t\t\t\t\t\t\t\t\t\t\t\t<li><div  class=\"fusion-image-wrapper fusion-image-size-fixed\" aria-haspopup=\"true\">\n\t\t\t\t<img decoding=\"async\" width=\"320\" height=\"202\" src=\"https:\/\/amba.org.uy\/a\/wp-content\/uploads\/2025\/11\/07-320x202.jpg\" class=\"attachment-blog-medium size-blog-medium wp-post-image\" alt=\"\" srcset=\"https:\/\/amba.org.uy\/a\/wp-content\/uploads\/2025\/11\/07-320x202.jpg 320w, https:\/\/amba.org.uy\/a\/wp-content\/uploads\/2025\/11\/07-700x441.jpg 700w\" sizes=\"(max-width: 320px) 100vw, 320px\" \/><div class=\"fusion-rollover\">\n\t<div class=\"fusion-rollover-content\">\n\n\t\t\t\t\t\t\t\t\t\t\t\t\t\t<a class=\"fusion-rollover-link\" href=\"https:\/\/amba.org.uy\/a\/kayaks-para-todos-una-invitacion-a-remar-por-la-conservacion-del-rio-uruguay\/\">KAYAKS PARA TODOS: UNA INVITACI\u00d3N A REMAR POR LA CONSERVACI\u00d3N DEL R\u00cdO URUGUAY<\/a>\n\t\t\t\n\t\t\t\t\t\t\t\t\t\t\t\t\t\t\n\t\t\t\t\t\t\t\t\n\t\t\t\t\t\t\t\t\t\t\t\t\t<div class=\"fusion-rollover-sep\"><\/div>\n\t\t\t\t\n\t\t\t\t\t\t\t\t\t\t\t\t\t\t\t\t\t\t<a class=\"fusion-rollover-gallery\" href=\"https:\/\/amba.org.uy\/a\/wp-content\/uploads\/2025\/11\/07.jpg\" data-options=\"\" data-id=\"2100\" data-rel=\"iLightbox[gallery]\" data-title=\"07\" data-caption=\"\">\n\t\t\t\t\t\tGaler\u00eda\t\t\t\t\t<\/a>\n\t\t\t\t\t\t\t\t\t\t\t\t\t\t\n\t\t\n\t\t\t\t\t\t\t\t\t\t\t\t<h4 class=\"fusion-rollover-title\">\n\t\t\t\t\t<a class=\"fusion-rollover-title-link\" href=\"https:\/\/amba.org.uy\/a\/kayaks-para-todos-una-invitacion-a-remar-por-la-conservacion-del-rio-uruguay\/\">\n\t\t\t\t\t\tKAYAKS PARA TODOS: UNA INVITACI\u00d3N A REMAR POR LA CONSERVACI\u00d3N DEL R\u00cdO URUGUAY\t\t\t\t\t<\/a>\n\t\t\t\t<\/h4>\n\t\t\t\n\t\t\t\t\t\t\t\t\t\t<div class=\"fusion-rollover-categories\"><a href=\"https:\/\/amba.org.uy\/a\/category\/rio-uruguay\/\" rel=\"tag\">R\u00edo Uruguay<\/a>, <a href=\"https:\/\/amba.org.uy\/a\/category\/socios\/\" rel=\"tag\">Socios<\/a><\/div>\t\t\t\t\t\n\t\t\n\t\t\t\t\t\t<a class=\"fusion-link-wrapper\" href=\"https:\/\/amba.org.uy\/a\/kayaks-para-todos-una-invitacion-a-remar-por-la-conservacion-del-rio-uruguay\/\" aria-label=\"KAYAKS PARA TODOS: UNA INVITACI\u00d3N A REMAR POR LA CONSERVACI\u00d3N DEL R\u00cdO URUGUAY\"><\/a>\n\t<\/div>\n<\/div>\n<\/div>\n<\/li>\n\t\t\t\n\t\t\t\n\t\t\t\t\t\t\t\t\t\t\t\t\t\t\t\t\t\t\t\t\t\t\t\t\t\t\t\t\t\t\t\t\t\t\t\t\t\t\t\t\t\t\t\t\t\t\t\t\t\t\t\t\t\t\t\t\t\t\t\t\t\t\t\t\t\t\t\t<\/ul>\n\t<\/div>\n\t<div class=\"fusion-post-content post-content\"><h1 class=\"blog-shortcode-post-title entry-title\"><a href=\"https:\/\/amba.org.uy\/a\/kayaks-para-todos-una-invitacion-a-remar-por-la-conservacion-del-rio-uruguay\/\">KAYAKS PARA TODOS: UNA INVITACI\u00d3N A REMAR POR LA CONSERVACI\u00d3N DEL R\u00cdO URUGUAY<\/a><\/h1><div class=\"fusion-post-content-container\"><p>Desde las comunidades de Nuevo Berl\u00edn y San Javier pod\u00e9s disfrutar de una inspiradora propuesta para esta primavera: \"Kayaks para Todos\", un programa gratuito que invita a<a href=\"https:\/\/amba.org.uy\/a\/kayaks-para-todos-una-invitacion-a-remar-por-la-conservacion-del-rio-uruguay\/\">Seguir leyendo<\/a><\/p><\/div><\/div><div class=\"fusion-clearfix\"><\/div><\/article>\n<\/div><\/div><\/div><\/div><\/div><\/div><\/p>\n","protected":false},"excerpt":{"rendered":"","protected":false},"author":2,"featured_media":0,"parent":0,"menu_order":0,"comment_status":"closed","ping_status":"closed","template":"100-width.php","meta":{"footnotes":""},"_links":{"self":[{"href":"https:\/\/amba.org.uy\/a\/wp-json\/wp\/v2\/pages\/1961"}],"collection":[{"href":"https:\/\/amba.org.uy\/a\/wp-json\/wp\/v2\/pages"}],"about":[{"href":"https:\/\/amba.org.uy\/a\/wp-json\/wp\/v2\/types\/page"}],"author":[{"embeddable":true,"href":"https:\/\/amba.org.uy\/a\/wp-json\/wp\/v2\/users\/2"}],"replies":[{"embeddable":true,"href":"https:\/\/amba.org.uy\/a\/wp-json\/wp\/v2\/comments?post=1961"}],"version-history":[{"count":30,"href":"https:\/\/amba.org.uy\/a\/wp-json\/wp\/v2\/pages\/1961\/revisions"}],"predecessor-version":[{"id":2148,"href":"https:\/\/amba.org.uy\/a\/wp-json\/wp\/v2\/pages\/1961\/revisions\/2148"}],"wp:attachment":[{"href":"https:\/\/amba.org.uy\/a\/wp-json\/wp\/v2\/media?parent=1961"}],"curies":[{"name":"wp","href":"https:\/\/api.w.org\/{rel}","templated":true}]}}