{"id":1932,"date":"2024-05-21T21:01:42","date_gmt":"2024-05-21T21:01:42","guid":{"rendered":"https:\/\/amba.org.uy\/en\/?page_id=1932"},"modified":"2025-04-16T19:21:04","modified_gmt":"2025-04-16T19:21:04","slug":"uruguay-river-project","status":"publish","type":"page","link":"https:\/\/amba.org.uy\/en\/projects\/uruguay-river-project\/","title":{"rendered":"Rio Uruguay Project"},"content":{"rendered":"<p><div class=\"fusion-fullwidth fullwidth-box fusion-builder-row-1 fusion-parallax-fixed hundred-percent-fullwidth non-hundred-percent-height-scrolling\" style=\"--awb-border-sizes-top:13px;--awb-border-sizes-bottom:13px;--awb-border-sizes-left:0px;--awb-border-sizes-right:0px;--awb-border-radius-top-left:0px;--awb-border-radius-top-right:0px;--awb-border-radius-bottom-right:0px;--awb-border-radius-bottom-left:0px;--awb-padding-top:200px;--awb-padding-bottom:200px;--awb-background-image:url(&quot;https:\/\/amba.org.uy\/a\/wp-content\/uploads\/2023\/12\/RIO-URUGUAY-DRON-FELIPE-VICTORICA-10.jpg&quot;);--awb-background-size:cover;background-attachment:fixed;\" ><div class=\"fusion-builder-row fusion-row\"><div class=\"fusion-layout-column fusion_builder_column fusion-builder-column-0 fusion_builder_column_1_1 1_1 fusion-one-full fusion-column-first fusion-column-last\" style=\"--awb-bg-size:cover;\"><div class=\"fusion-column-wrapper fusion-column-has-shadow fusion-flex-column-wrapper-legacy\"><div class=\"fusion-title title fusion-title-1 fusion-sep-none fusion-title-center fusion-title-text fusion-title-size-one\" style=\"--awb-text-color:#ffffff;--awb-margin-top:40px;--awb-margin-bottom:0px;--awb-sep-color:#569e3a;--awb-font-size:40px;\"><h1 class=\"title-heading-center\" style=\"margin:0;font-size:1em;text-transform:uppercase;\"><strong>RiO <\/strong>URUGUAY <strong>Project<\/strong><\/h1><\/div><div class=\"fusion-clearfix\"><\/div><\/div><\/div><\/div><\/div><div class=\"fusion-fullwidth fullwidth-box fusion-builder-row-2 nonhundred-percent-fullwidth non-hundred-percent-height-scrolling fusion-equal-height-columns\" style=\"--awb-border-radius-top-left:0px;--awb-border-radius-top-right:0px;--awb-border-radius-bottom-right:0px;--awb-border-radius-bottom-left:0px;\" ><div class=\"fusion-builder-row fusion-row\"><div class=\"fusion-layout-column fusion_builder_column fusion-builder-column-1 fusion_builder_column_1_1 1_1 fusion-one-full fusion-column-first fusion-column-last\" style=\"--awb-bg-size:cover;\"><div class=\"fusion-column-wrapper fusion-column-has-shadow fusion-flex-column-wrapper-legacy\"><div class=\"fusion-title title fusion-title-2 sep-underline sep-dotted fusion-title-text fusion-title-size-one\" style=\"--awb-text-color:#569e3a;--awb-margin-top:30px;--awb-margin-bottom:30px;--awb-margin-top-small:30px;--awb-sep-color:#569e3a;\"><h1 class=\"title-heading-left\" style=\"margin:0;\">RIO URUGUAY PROJECT<\/h1><\/div><div class=\"fusion-builder-row fusion-builder-row-inner fusion-row\"><div class=\"fusion-layout-column fusion_builder_column_inner fusion-builder-nested-column-0 fusion_builder_column_inner_1_3 1_3 fusion-one-third fusion-column-first\" style=\"--awb-padding-top:25px;--awb-padding-right:23px;--awb-padding-bottom:25px;--awb-padding-left:25px;--awb-overflow:hidden;--awb-bg-color:rgba(86,158,58,0.9);--awb-bg-position:center center;--awb-bg-repeat:repeat;--awb-border-radius:5px 5px 5px 5px;--awb-margin-bottom:30px;width:33.333333333333%;width:calc(33.333333333333% - ( ( 0% ) * 0.33333333333333 ) );margin-right: 0%;\"><div class=\"fusion-column-wrapper fusion-column-has-shadow fusion-flex-column-wrapper-legacy\"><div class=\"fusion-column-content-centered\"><div class=\"fusion-column-content\"><div class=\"fusion-title title fusion-title-3 fusion-sep-none fusion-title-text fusion-title-size-two\" style=\"--awb-text-color:#ffffff;--awb-margin-bottom:20px;--awb-font-size:18px;\"><h2 class=\"title-heading-left\" style=\"margin:0;font-size:1em;\">The \u00abIslas y Canales Verdes del R\u00edo Uruguay\u00bb project seeks to consolidate a biocultural corridor of protected areas to contribute to the conservation of its species and habitats, their capacity to respond to climate change, and the sustainable development of tourism, as well as educational and scientific activities linked to their conservation.<\/h2><\/div><\/div><\/div><div class=\"fusion-clearfix\"><\/div><\/div><\/div><div class=\"fusion-layout-column fusion_builder_column_inner fusion-builder-nested-column-1 fusion_builder_column_inner_2_3 2_3 fusion-two-third fusion-column-last\" style=\"--awb-padding-top:25px;--awb-padding-right:15px;--awb-padding-bottom:25px;--awb-padding-left:15px;--awb-bg-size:cover;width:66.666666666667%;width:calc(66.666666666667% - ( ( 0% ) * 0.66666666666667 ) );\"><div class=\"fusion-column-wrapper fusion-column-has-shadow fusion-flex-column-wrapper-legacy\"><div class=\"fusion-text fusion-text-1\" style=\"--awb-content-alignment:center;--awb-font-size:18px;\"><p style=\"text-align: left;\">Butler Conservation, Inc, owned by philanthropist Gilbert Butler, is providing the funds for the purchase and donation of land and infrastructure for the project in both countries; WCS Argentina and Cono Sur, The Nature Conservancy (TNC), Banco de Bosques and AMB\u00c1 Uruguay are working in coordination with the collaboration of local governments to manage the acquisition and donation of the islands to the States, the design of the conservation corridor, and the strengthening of infrastructure and capacities for the effective management of the areas.<\/p>\n<p style=\"text-align: left;\">This project foresees the donation of 514 and 2695 hectares to the governments of Uruguay and Argentina, respectively, to increase the category of protection on both banks of the lower Uruguay River. The area, located between Fray Bentos (R\u00edo Negro, Uruguay) and Concepci\u00f3n del Uruguay (Entre R\u00edos, Argentina), includes islands, canals, wetlands, grasslands and riparian forests of great value for the natural and cultural heritage of both countries, including an important diversity of native flora and fauna.<\/p>\n<\/div><div class=\"fusion-clearfix\"><\/div><\/div><\/div><\/div><div class=\"fusion-clearfix\"><\/div><\/div><\/div><\/div><\/div><div class=\"fusion-fullwidth fullwidth-box fusion-builder-row-3 fusion-flex-container has-pattern-background has-mask-background fusion-parallax-fixed hundred-percent-fullwidth non-hundred-percent-height-scrolling\" style=\"--awb-border-radius-top-left:0px;--awb-border-radius-top-right:0px;--awb-border-radius-bottom-right:0px;--awb-border-radius-bottom-left:0px;--awb-padding-top:200px;--awb-padding-bottom:200px;--awb-margin-top:0px;--awb-margin-bottom:0px;--awb-background-image:url(&quot;https:\/\/amba.org.uy\/a\/wp-content\/uploads\/2024\/01\/F7D8579-A.jpg&quot;);--awb-background-size:cover;background-attachment:fixed;\" ><div class=\"fusion-builder-row fusion-row fusion-flex-align-items-center\" style=\"width:104% !important;max-width:104% !important;margin-left: calc(-4% \/ 2 );margin-right: calc(-4% \/ 2 );\"><div class=\"fusion-layout-column fusion_builder_column fusion-builder-column-2 fusion_builder_column_1_1 1_1 fusion-flex-column\" style=\"--awb-bg-size:cover;--awb-width-large:100%;--awb-margin-top-large:0px;--awb-spacing-right-large:1.92%;--awb-margin-bottom-large:20px;--awb-spacing-left-large:1.92%;--awb-width-medium:100%;--awb-order-medium:0;--awb-spacing-right-medium:1.92%;--awb-spacing-left-medium:1.92%;--awb-width-small:100%;--awb-order-small:0;--awb-spacing-right-small:1.92%;--awb-spacing-left-small:1.92%;\"><div class=\"fusion-column-wrapper fusion-column-has-shadow fusion-flex-justify-content-flex-start fusion-content-layout-column\"><\/div><\/div><\/div><\/div><div class=\"fusion-fullwidth fullwidth-box fusion-builder-row-4 nonhundred-percent-fullwidth non-hundred-percent-height-scrolling fusion-equal-height-columns\" style=\"--awb-border-radius-top-left:0px;--awb-border-radius-top-right:0px;--awb-border-radius-bottom-right:0px;--awb-border-radius-bottom-left:0px;--awb-padding-bottom:15px;\" ><div class=\"fusion-builder-row fusion-row\"><div class=\"fusion-layout-column fusion_builder_column fusion-builder-column-3 fusion_builder_column_1_1 1_1 fusion-one-full fusion-column-first fusion-column-last\" style=\"--awb-bg-size:cover;\"><div class=\"fusion-column-wrapper fusion-column-has-shadow fusion-flex-column-wrapper-legacy\"><div class=\"fusion-title title fusion-title-4 sep-underline sep-dotted fusion-title-text fusion-title-size-one\" style=\"--awb-text-color:#569e3a;--awb-margin-top:30px;--awb-margin-bottom:30px;--awb-margin-top-small:30px;--awb-sep-color:#569e3a;\"><h1 class=\"title-heading-left\" style=\"margin:0;\">KAYAK SCHOOLS<\/h1><\/div><div class=\"fusion-text fusion-text-2\" style=\"--awb-font-size:18px;\"><p>The schools are located in the towns of San Javier and Nuevo Berl\u00edn, in the department of Fray Bentos. Thanks to the \u00abIslas y Canales Verdes del R\u00edo Uruguay\u00bb project, AMB\u00c1 provides support and coordination of the donation of 50 kayaks, training and necessary equipment to strengthen the schools&#8217; activities.<\/p>\n<p>Classes are open to all children and young people in the area. The objective is to offer an environmental education activity and thus achieve an approach to nature and the \u00abriver culture\u00bb. It is a unique opportunity to get to know closely the Esteros de Farrapos National Park and the Uruguay River Islands and get involved with the country&#8217;s ecosystems, raising awareness about the importance of the conservation of these environments. <\/p>\n<\/div><div class=\"fusion-clearfix\"><\/div><\/div><\/div><\/div><\/div><div class=\"fusion-fullwidth fullwidth-box fusion-builder-row-5 fusion-parallax-fixed hundred-percent-fullwidth non-hundred-percent-height-scrolling\" style=\"--awb-border-sizes-top:0;--awb-border-sizes-bottom:0;--awb-border-sizes-left:0px;--awb-border-sizes-right:0px;--awb-border-radius-top-left:0px;--awb-border-radius-top-right:0px;--awb-border-radius-bottom-right:0px;--awb-border-radius-bottom-left:0px;--awb-padding-top:200px;--awb-padding-bottom:196px;--awb-margin-top:0px;--awb-margin-bottom:0px;--awb-background-image:url(&quot;https:\/\/amba.org.uy\/a\/wp-content\/uploads\/2023\/11\/kayaks-a-San-javier-12.jpg&quot;);--awb-background-size:cover;background-attachment:fixed;\" ><div class=\"fusion-builder-row fusion-row\"><div class=\"fusion-layout-column fusion_builder_column fusion-builder-column-4 fusion_builder_column_1_1 1_1 fusion-one-full fusion-column-first fusion-column-last\" style=\"--awb-bg-size:cover;\"><div class=\"fusion-column-wrapper fusion-column-has-shadow fusion-flex-column-wrapper-legacy\"><div class=\"fusion-clearfix\"><\/div><\/div><\/div><\/div><\/div><div class=\"fusion-fullwidth fullwidth-box fusion-builder-row-6 nonhundred-percent-fullwidth non-hundred-percent-height-scrolling fusion-equal-height-columns\" style=\"--awb-border-radius-top-left:0px;--awb-border-radius-top-right:0px;--awb-border-radius-bottom-right:0px;--awb-border-radius-bottom-left:0px;--awb-padding-bottom:25px;\" ><div class=\"fusion-builder-row fusion-row\"><div class=\"fusion-layout-column fusion_builder_column fusion-builder-column-5 fusion_builder_column_1_1 1_1 fusion-one-full fusion-column-first fusion-column-last\" style=\"--awb-bg-size:cover;\"><div class=\"fusion-column-wrapper fusion-column-has-shadow fusion-flex-column-wrapper-legacy\"><div class=\"fusion-title title fusion-title-5 sep-underline sep-dotted fusion-title-text fusion-title-size-one\" style=\"--awb-text-color:#569e3a;--awb-margin-top:30px;--awb-margin-bottom:30px;--awb-margin-top-small:30px;--awb-sep-color:#569e3a;\"><h1 class=\"title-heading-left\" style=\"margin:0;\">SHELTERS AND TRAILS<\/h1><\/div><div class=\"fusion-text fusion-text-3\" style=\"--awb-font-size:18px;\"><p>In order to contribute to the sustainable development of the area, shelters and trails were built to encourage nature tourism and environmental education activities that promote the conservation of the Uruguay River ecosystems.<\/p>\n<p>The shelters were built on Basura Island, Penguin Island, and at the mouth of Farrapos Creek. These shelters are intended to allow tourists and neighbors to visit the area at any time of the year. The structures are made of metal with wood cladding and are six meters high to prevent water from reaching them during river floods, although they can be flooded.<\/p>\n<p>It is important to highlight that the trails were built with materials according to the ecosystems they traverse, generating platforms that allow visitors to inhabit the space without generating major impacts.<\/p>\n<\/div><div class=\"fusion-clearfix\"><\/div><\/div><\/div><\/div><\/div><div class=\"fusion-fullwidth fullwidth-box fusion-builder-row-7 fusion-parallax-fixed hundred-percent-fullwidth non-hundred-percent-height-scrolling\" style=\"--awb-border-sizes-top:0;--awb-border-sizes-bottom:0;--awb-border-sizes-left:0px;--awb-border-sizes-right:0px;--awb-border-radius-top-left:0px;--awb-border-radius-top-right:0px;--awb-border-radius-bottom-right:0px;--awb-border-radius-bottom-left:0px;--awb-padding-top:350px;--awb-padding-bottom:350px;--awb-background-image:url(&quot;https:\/\/amba.org.uy\/a\/wp-content\/uploads\/2023\/12\/WhatsApp-Image-2023-07-03-at-09.33.36-2.jpeg&quot;);--awb-background-size:cover;background-attachment:fixed;\" ><div class=\"fusion-builder-row fusion-row\"><div class=\"fusion-layout-column fusion_builder_column fusion-builder-column-6 fusion_builder_column_1_1 1_1 fusion-one-full fusion-column-first fusion-column-last\" style=\"--awb-bg-size:cover;\"><div class=\"fusion-column-wrapper fusion-column-has-shadow fusion-flex-column-wrapper-legacy\"><div class=\"fusion-clearfix\"><\/div><\/div><\/div><\/div><\/div><\/p>\n","protected":false},"excerpt":{"rendered":"","protected":false},"author":2,"featured_media":0,"parent":201,"menu_order":0,"comment_status":"closed","ping_status":"closed","template":"100-width.php","meta":[],"_links":{"self":[{"href":"https:\/\/amba.org.uy\/en\/wp-json\/wp\/v2\/pages\/1932"}],"collection":[{"href":"https:\/\/amba.org.uy\/en\/wp-json\/wp\/v2\/pages"}],"about":[{"href":"https:\/\/amba.org.uy\/en\/wp-json\/wp\/v2\/types\/page"}],"author":[{"embeddable":true,"href":"https:\/\/amba.org.uy\/en\/wp-json\/wp\/v2\/users\/2"}],"replies":[{"embeddable":true,"href":"https:\/\/amba.org.uy\/en\/wp-json\/wp\/v2\/comments?post=1932"}],"version-history":[{"count":9,"href":"https:\/\/amba.org.uy\/en\/wp-json\/wp\/v2\/pages\/1932\/revisions"}],"predecessor-version":[{"id":2026,"href":"https:\/\/amba.org.uy\/en\/wp-json\/wp\/v2\/pages\/1932\/revisions\/2026"}],"up":[{"embeddable":true,"href":"https:\/\/amba.org.uy\/en\/wp-json\/wp\/v2\/pages\/201"}],"wp:attachment":[{"href":"https:\/\/amba.org.uy\/en\/wp-json\/wp\/v2\/media?parent=1932"}],"curies":[{"name":"wp","href":"https:\/\/api.w.org\/{rel}","templated":true}]}}